{"id":989607,"date":"2025-10-15T18:52:34","date_gmt":"2025-10-15T16:52:34","guid":{"rendered":"https:\/\/lechatnoirtattoo.com\/?page_id=989607"},"modified":"2025-10-19T16:44:09","modified_gmt":"2025-10-19T14:44:09","slug":"strass-dentaires-et-extension-cils","status":"publish","type":"page","link":"https:\/\/lechatnoirtattoo.com\/index.php\/strass-dentaires-et-extension-cils\/","title":{"rendered":"Strass dentaires et extension cils"},"content":{"rendered":"<div class=\"vgblk-rw-wrapper limit-wrapper\">\n\n\t\t\t\t\t\t\t<img fetchpriority=\"high\" fetchpriority=\"high\" decoding=\"async\" src=\"https:\/\/lechatnoirtattoo.com\/wp-content\/uploads\/2025\/10\/Untitled-1.png\" alt=\"Untitled-1\" itemprop=\"image\" height=\"674\" width=\"840\" title=\"Untitled-1\" onerror=\"this.style.display='none'\"  sizes=\"(max-width: 768px) 100vw, 100vw\" srcset=\"https:\/\/lechatnoirtattoo.com\/wp-content\/uploads\/2025\/10\/Untitled-1.png 840w, https:\/\/lechatnoirtattoo.com\/wp-content\/uploads\/2025\/10\/Untitled-1-300x241.png 300w, https:\/\/lechatnoirtattoo.com\/wp-content\/uploads\/2025\/10\/Untitled-1-768x616.png 768w, https:\/\/lechatnoirtattoo.com\/wp-content\/uploads\/2025\/10\/Untitled-1-100x80.png 100w, https:\/\/lechatnoirtattoo.com\/wp-content\/uploads\/2025\/10\/Untitled-1-630x506.png 630w, https:\/\/lechatnoirtattoo.com\/wp-content\/uploads\/2025\/10\/Untitled-1-420x337.png 420w, https:\/\/lechatnoirtattoo.com\/wp-content\/uploads\/2025\/10\/Untitled-1-315x253.png 315w\" \/>\t\t\t\t\t\t\t\n<h3>\n\tRegard de f\u00e9e\n\t<\/h3>\n\t<h5>Dipl\u00f4m\u00e9e d&rsquo;esth\u00e9tique et professionnelle de la beaut\u00e9 depuis 2012, je suis d\u00e9sormais sp\u00e9cialis\u00e9e dans les extensions de cils aux r\u00e9sultats naturels depuis 9ans, mon expertise dans ce domaine saura r\u00e9pondre \u00e0 vos envies tout en respectant toujours votre physiologie. Je vous propose \u00e9galement depuis 4ans la pose de bijoux et strass dentaires, pour accessoiriser de fa\u00e7on originale votre sourire, du plus discret au plus cr\u00e9atif retrouvez moi chez Le Chat Noir pour discuter de vos projets.<\/h5>\n\t<style type=\"text\/css\" scoped>.rbs_gallery_69e18ef6c6ffdSpinner{\r\n\t\t\t\tmargin: 50px auto;\r\n\t\t\t\twidth: 50px;\r\n\t\t\t\theight: 40px;\r\n\t\t\t\ttext-align: center;\r\n\t\t\t\tfont-size: 10px;\r\n\t\t\t}\r\n\t\t\t.rbs_gallery_69e18ef6c6ffdSpinner > div{\r\n\t\t\t  background-color: #333;\r\n\t\t\t  height: 100%;\r\n\t\t\t  width: 6px;\r\n\t\t\t  display: inline-block;\r\n\t\t\t  -webkit-animation: rbs_gallery_69e18ef6c6ffd-stretchdelay 1.2s infinite ease-in-out;\r\n\t\t\t  animation: rbs_gallery_69e18ef6c6ffd-stretchdelay 1.2s infinite ease-in-out;\r\n\t\t\t}\r\n\t\t\t.rbs_gallery_69e18ef6c6ffdSpinner .rbs_gallery_69e18ef6c6ffdRect2 {\r\n\t\t\t  -webkit-animation-delay: -1.1s;\r\n\t\t\t  animation-delay: -1.1s;\r\n\t\t\t}\r\n\t\t\t.rbs_gallery_69e18ef6c6ffdSpinner .rbs_gallery_69e18ef6c6ffdRect3 {\r\n\t\t\t  -webkit-animation-delay: -1.0s;\r\n\t\t\t  animation-delay: -1.0s;\r\n\t\t\t}\r\n\t\t\t.rbs_gallery_69e18ef6c6ffdSpinner .rbs_gallery_69e18ef6c6ffdRect4 {\r\n\t\t\t  -webkit-animation-delay: -0.9s;\r\n\t\t\t  animation-delay: -0.9s;\r\n\t\t\t}\r\n\t\t\t.rbs_gallery_69e18ef6c6ffdSpinner .rbs_gallery_69e18ef6c6ffdRect5 {\r\n\t\t\t  -webkit-animation-delay: -0.8s;\r\n\t\t\t  animation-delay: -0.8s;\r\n\t\t\t}\r\n\t\t\t@-webkit-keyframes rbs_gallery_69e18ef6c6ffd-stretchdelay {\r\n\t\t\t  0%, 40%, 100% { -webkit-transform: scaleY(0.4) }  \r\n\t\t\t  20% { -webkit-transform: scaleY(1.0) }\r\n\t\t\t}\r\n\t\t\t@keyframes rbs_gallery_69e18ef6c6ffd-stretchdelay {\r\n\t\t\t  0%, 40%, 100% { \r\n\t\t\t    transform: scaleY(0.4);\r\n\t\t\t    -webkit-transform: scaleY(0.4);\r\n\t\t\t  }  20% { \r\n\t\t\t    transform: scaleY(1.0);\r\n\t\t\t    -webkit-transform: scaleY(1.0);\r\n\t\t\t  }\r\n\t\t\t}\r\n\t\t<\/style><div id=\"robo-gallery-slider-wraprbs_gallery_69e18ef6c6ffd\" class=\"robo-gallery-slider-wrap robo-gallery-slider-wrap-id989704 robo-gallery-slider\"><div id=\"rbs_gallery_69e18ef6c6ffd-block-loader\" class=\"rbs_gallery_69e18ef6c6ffdSpinner\"><div class=\"rbs_gallery_69e18ef6c6ffdRect1\"><\/div> <div class=\"rbs_gallery_69e18ef6c6ffdRect2\"><\/div> <div class=\"rbs_gallery_69e18ef6c6ffdRect3\"><\/div> <div class=\"rbs_gallery_69e18ef6c6ffdRect4\"><\/div> <div class=\"rbs_gallery_69e18ef6c6ffdRect5\"><\/div><\/div><div id=\"robo-gallery-slider-block-rbs_gallery_69e18ef6c6ffd\"  data-options=\"rbs_gallery_69e18ef6c6ffd\" \r\n\t\t\t\t\tclass=\"swiper-container robo-gallery-slider-container robo-gallery-slider-989704\" \r\n\t\t\t\t\tstyle=\"height:30vh;  display: none;\"\r\n\t\t\t\t\t\r\n\t\t\t\t><div id=\"rbs_gallery_69e18ef6c6ffd\" class=\"swiper-wrapper robo-slider-gallery  \"><div class=\"swiper-slide  \" \r\n \t\t\t\t\tstyle=\"background-image:url('https:\/\/lechatnoirtattoo.com\/wp-content\/uploads\/2025\/10\/image9-2.jpeg');\" ><\/div><div class=\"swiper-slide  \" \r\n \t\t\t\t\tstyle=\"background-image:url('https:\/\/lechatnoirtattoo.com\/wp-content\/uploads\/2025\/10\/image8-1.jpeg');\" ><\/div><div class=\"swiper-slide  \" \r\n \t\t\t\t\tstyle=\"background-image:url('https:\/\/lechatnoirtattoo.com\/wp-content\/uploads\/2025\/10\/image7-3.jpeg');\" ><\/div><div class=\"swiper-slide  \" \r\n \t\t\t\t\tstyle=\"background-image:url('https:\/\/lechatnoirtattoo.com\/wp-content\/uploads\/2025\/10\/image6-4.jpeg');\" ><\/div><div class=\"swiper-slide  \" \r\n \t\t\t\t\tstyle=\"background-image:url('https:\/\/lechatnoirtattoo.com\/wp-content\/uploads\/2025\/10\/image5-4.jpeg');\" ><\/div><div class=\"swiper-slide  \" \r\n \t\t\t\t\tstyle=\"background-image:url('https:\/\/lechatnoirtattoo.com\/wp-content\/uploads\/2025\/10\/image4-4.jpeg');\" ><\/div><div class=\"swiper-slide  \" \r\n \t\t\t\t\tstyle=\"background-image:url('https:\/\/lechatnoirtattoo.com\/wp-content\/uploads\/2025\/10\/image3-6.jpeg');\" ><\/div><div class=\"swiper-slide  \" \r\n \t\t\t\t\tstyle=\"background-image:url('https:\/\/lechatnoirtattoo.com\/wp-content\/uploads\/2025\/10\/image2-5.jpeg');\" ><\/div><div class=\"swiper-slide  \" \r\n \t\t\t\t\tstyle=\"background-image:url('https:\/\/lechatnoirtattoo.com\/wp-content\/uploads\/2025\/10\/image1-6.jpeg');\" ><\/div><div class=\"swiper-slide  \" \r\n \t\t\t\t\tstyle=\"background-image:url('https:\/\/lechatnoirtattoo.com\/wp-content\/uploads\/2025\/10\/image0-6.jpeg');\" ><\/div><\/div><div class=\"swiper-button-prev\"><\/div><div class=\"swiper-button-next\"><\/div><div class=\"swiper-scrollbar\"><\/div><div class=\"swiper-pagination\"><\/div><\/div><\/div><script>var rbs_gallery_69e18ef6c6ffd = {\"version\":\"5.1.4\",\"id\":989704,\"class\":\"id989704\",\"roboGalleryDelay\":1000,\"mainContainer\":\"#robo_gallery_main_block_rbs_gallery_69e18ef6c6ffd\",\"loadingContainer\":\"#rbs_gallery_69e18ef6c6ffd-block-loader\",\"loadingContainerObj\":\"rbs_gallery_69e18ef6c6ffd-block-loader\",\"loop\":true,\"centeredSlides\":true,\"autoplay\":{\"delay\":1500,\"disableOnInteraction\":false},\"preloadImages\":true,\"updateOnImagesReady\":true,\"effect\":\"slide\",\"direction\":\"horizontal\",\"navigation\":{\"nextEl\":\".swiper-button-next\",\"prevEl\":\".swiper-button-prev\"},\"scrollbar\":{\"el\":\".swiper-scrollbar\",\"draggable\":true},\"pagination\":{\"el\":\".swiper-pagination\",\"type\":\"bullets\",\"clickable\":true,\"dynamicBullets\":true},\"wrapContainer\":\"#robo-gallery-wrap-rbs_gallery_69e18ef6c6ffd\"};<\/script>\n\t\t\t<a href=\"https:\/\/www.instagram.com\/regardefee\" target=\"_self\">\n\t\t\t\t\t\tinstagram\n\t\t\t\t\t<\/a>\n\n<\/div><!-- .vgblk-rw-wrapper -->","protected":false},"excerpt":{"rendered":"<p>Regard de f\u00e9e Dipl\u00f4m\u00e9e d&rsquo;esth\u00e9tique et professionnelle de la beaut\u00e9 depuis 2012, je suis d\u00e9sormais sp\u00e9cialis\u00e9e dans les extensions de cils aux r\u00e9sultats naturels depuis 9ans, mon expertise dans ce domaine saura r\u00e9pondre \u00e0 vos envies tout en respectant toujours votre physiologie. Je vous propose \u00e9galement depuis 4ans la pose de bijoux et strass dentaires,&#8230;<\/p>\n","protected":false},"author":1,"featured_media":0,"parent":0,"menu_order":0,"comment_status":"closed","ping_status":"closed","template":"","meta":{"inline_featured_image":false,"footnotes":""},"class_list":["post-989607","page","type-page","status-publish","hentry"],"yoast_head":"<!-- This site is optimized with the Yoast SEO plugin v27.4 - https:\/\/yoast.com\/product\/yoast-seo-wordpress\/ -->\n<title>Strass dentaires et extension cils - Le chat noir tatouages by Emmy | Instagram, Facebook | Mouans-Sartoux 06370 | Alpes-Maritimes 06<\/title>\n<meta name=\"robots\" content=\"index, follow, max-snippet:-1, max-image-preview:large, max-video-preview:-1\" \/>\n<link rel=\"canonical\" href=\"https:\/\/lechatnoirtattoo.com\/index.php\/strass-dentaires-et-extension-cils\/\" \/>\n<meta property=\"og:locale\" content=\"fr_FR\" \/>\n<meta property=\"og:type\" content=\"article\" \/>\n<meta property=\"og:title\" content=\"Strass dentaires et extension cils - Le chat noir tatouages by Emmy | Instagram, Facebook | Mouans-Sartoux 06370 | Alpes-Maritimes 06\" \/>\n<meta property=\"og:description\" content=\"Regard de f\u00e9e Dipl\u00f4m\u00e9e d&rsquo;esth\u00e9tique et professionnelle de la beaut\u00e9 depuis 2012, je suis d\u00e9sormais sp\u00e9cialis\u00e9e dans les extensions de cils aux r\u00e9sultats naturels depuis 9ans, mon expertise dans ce domaine saura r\u00e9pondre \u00e0 vos envies tout en respectant toujours votre physiologie. Je vous propose \u00e9galement depuis 4ans la pose de bijoux et strass dentaires,...\" \/>\n<meta property=\"og:url\" content=\"https:\/\/lechatnoirtattoo.com\/index.php\/strass-dentaires-et-extension-cils\/\" \/>\n<meta property=\"og:site_name\" content=\"Le chat noir tatouages by Emmy | Instagram, Facebook | Mouans-Sartoux 06370 | Alpes-Maritimes 06\" \/>\n<meta property=\"article:publisher\" content=\"https:\/\/www.facebook.com\/lechatnoirtatouagesbyemmy\" \/>\n<meta property=\"article:modified_time\" content=\"2025-10-19T14:44:09+00:00\" \/>\n<meta property=\"og:image\" content=\"https:\/\/lechatnoirtattoo.com\/wp-content\/uploads\/2025\/10\/Untitled-1.png\" \/>\n<meta name=\"twitter:card\" content=\"summary_large_image\" \/>\n<meta name=\"twitter:label1\" content=\"Dur\u00e9e de lecture estim\u00e9e\" \/>\n\t<meta name=\"twitter:data1\" content=\"6 minutes\" \/>\n<script type=\"application\/ld+json\" class=\"yoast-schema-graph\">{\"@context\":\"https:\\\/\\\/schema.org\",\"@graph\":[{\"@type\":\"WebPage\",\"@id\":\"https:\\\/\\\/lechatnoirtattoo.com\\\/index.php\\\/strass-dentaires-et-extension-cils\\\/\",\"url\":\"https:\\\/\\\/lechatnoirtattoo.com\\\/index.php\\\/strass-dentaires-et-extension-cils\\\/\",\"name\":\"Strass dentaires et extension cils - Le chat noir tatouages by Emmy | Instagram, Facebook | Mouans-Sartoux 06370 | Alpes-Maritimes 06\",\"isPartOf\":{\"@id\":\"https:\\\/\\\/lechatnoirtattoo.com\\\/#website\"},\"primaryImageOfPage\":{\"@id\":\"https:\\\/\\\/lechatnoirtattoo.com\\\/index.php\\\/strass-dentaires-et-extension-cils\\\/#primaryimage\"},\"image\":{\"@id\":\"https:\\\/\\\/lechatnoirtattoo.com\\\/index.php\\\/strass-dentaires-et-extension-cils\\\/#primaryimage\"},\"thumbnailUrl\":\"https:\\\/\\\/lechatnoirtattoo.com\\\/wp-content\\\/uploads\\\/2025\\\/10\\\/Untitled-1.png\",\"datePublished\":\"2025-10-15T16:52:34+00:00\",\"dateModified\":\"2025-10-19T14:44:09+00:00\",\"breadcrumb\":{\"@id\":\"https:\\\/\\\/lechatnoirtattoo.com\\\/index.php\\\/strass-dentaires-et-extension-cils\\\/#breadcrumb\"},\"inLanguage\":\"fr-FR\",\"potentialAction\":[{\"@type\":\"ReadAction\",\"target\":[\"https:\\\/\\\/lechatnoirtattoo.com\\\/index.php\\\/strass-dentaires-et-extension-cils\\\/\"]}]},{\"@type\":\"ImageObject\",\"inLanguage\":\"fr-FR\",\"@id\":\"https:\\\/\\\/lechatnoirtattoo.com\\\/index.php\\\/strass-dentaires-et-extension-cils\\\/#primaryimage\",\"url\":\"https:\\\/\\\/lechatnoirtattoo.com\\\/wp-content\\\/uploads\\\/2025\\\/10\\\/Untitled-1.png\",\"contentUrl\":\"https:\\\/\\\/lechatnoirtattoo.com\\\/wp-content\\\/uploads\\\/2025\\\/10\\\/Untitled-1.png\",\"width\":840,\"height\":674},{\"@type\":\"BreadcrumbList\",\"@id\":\"https:\\\/\\\/lechatnoirtattoo.com\\\/index.php\\\/strass-dentaires-et-extension-cils\\\/#breadcrumb\",\"itemListElement\":[{\"@type\":\"ListItem\",\"position\":1,\"name\":\"Accueil\",\"item\":\"https:\\\/\\\/lechatnoirtattoo.com\\\/\"},{\"@type\":\"ListItem\",\"position\":2,\"name\":\"Strass dentaires et extension cils\"}]},{\"@type\":\"WebSite\",\"@id\":\"https:\\\/\\\/lechatnoirtattoo.com\\\/#website\",\"url\":\"https:\\\/\\\/lechatnoirtattoo.com\\\/\",\"name\":\"Le chat noir tatouages by Emmy | Instagram, Facebook | Mouans-Sartoux 06370 | Alpes-Maritimes 06\",\"description\":\"\",\"publisher\":{\"@id\":\"https:\\\/\\\/lechatnoirtattoo.com\\\/#organization\"},\"potentialAction\":[{\"@type\":\"SearchAction\",\"target\":{\"@type\":\"EntryPoint\",\"urlTemplate\":\"https:\\\/\\\/lechatnoirtattoo.com\\\/?s={search_term_string}\"},\"query-input\":{\"@type\":\"PropertyValueSpecification\",\"valueRequired\":true,\"valueName\":\"search_term_string\"}}],\"inLanguage\":\"fr-FR\"},{\"@type\":\"Organization\",\"@id\":\"https:\\\/\\\/lechatnoirtattoo.com\\\/#organization\",\"name\":\"Le chat noir tatouages by Emmy | Instagram, Facebook | Mouans-Sartoux 06370 | Alpes-Maritimes 06\",\"url\":\"https:\\\/\\\/lechatnoirtattoo.com\\\/\",\"logo\":{\"@type\":\"ImageObject\",\"inLanguage\":\"fr-FR\",\"@id\":\"https:\\\/\\\/lechatnoirtattoo.com\\\/#\\\/schema\\\/logo\\\/image\\\/\",\"url\":\"https:\\\/\\\/lechatnoirtattoo.com\\\/wp-content\\\/uploads\\\/2023\\\/02\\\/logo-black.png\",\"contentUrl\":\"https:\\\/\\\/lechatnoirtattoo.com\\\/wp-content\\\/uploads\\\/2023\\\/02\\\/logo-black.png\",\"width\":375,\"height\":183,\"caption\":\"Le chat noir tatouages by Emmy | Instagram, Facebook | Mouans-Sartoux 06370 | Alpes-Maritimes 06\"},\"image\":{\"@id\":\"https:\\\/\\\/lechatnoirtattoo.com\\\/#\\\/schema\\\/logo\\\/image\\\/\"},\"sameAs\":[\"https:\\\/\\\/www.facebook.com\\\/lechatnoirtatouagesbyemmy\",\"https:\\\/\\\/www.instagram.com\\\/le_chat_noir_by_emmy\",\"https:\\\/\\\/www.tiktok.com\\\/@lechatnoirtatouagebyemmy\"]}]}<\/script>\n<!-- \/ Yoast SEO plugin. -->","yoast_head_json":{"title":"Strass dentaires et extension cils - Le chat noir tatouages by Emmy | Instagram, Facebook | Mouans-Sartoux 06370 | Alpes-Maritimes 06","robots":{"index":"index","follow":"follow","max-snippet":"max-snippet:-1","max-image-preview":"max-image-preview:large","max-video-preview":"max-video-preview:-1"},"canonical":"https:\/\/lechatnoirtattoo.com\/index.php\/strass-dentaires-et-extension-cils\/","og_locale":"fr_FR","og_type":"article","og_title":"Strass dentaires et extension cils - Le chat noir tatouages by Emmy | Instagram, Facebook | Mouans-Sartoux 06370 | Alpes-Maritimes 06","og_description":"Regard de f\u00e9e Dipl\u00f4m\u00e9e d&rsquo;esth\u00e9tique et professionnelle de la beaut\u00e9 depuis 2012, je suis d\u00e9sormais sp\u00e9cialis\u00e9e dans les extensions de cils aux r\u00e9sultats naturels depuis 9ans, mon expertise dans ce domaine saura r\u00e9pondre \u00e0 vos envies tout en respectant toujours votre physiologie. Je vous propose \u00e9galement depuis 4ans la pose de bijoux et strass dentaires,...","og_url":"https:\/\/lechatnoirtattoo.com\/index.php\/strass-dentaires-et-extension-cils\/","og_site_name":"Le chat noir tatouages by Emmy | Instagram, Facebook | Mouans-Sartoux 06370 | Alpes-Maritimes 06","article_publisher":"https:\/\/www.facebook.com\/lechatnoirtatouagesbyemmy","article_modified_time":"2025-10-19T14:44:09+00:00","og_image":[{"url":"https:\/\/lechatnoirtattoo.com\/wp-content\/uploads\/2025\/10\/Untitled-1.png","type":"","width":"","height":""}],"twitter_card":"summary_large_image","twitter_misc":{"Dur\u00e9e de lecture estim\u00e9e":"6 minutes"},"schema":{"@context":"https:\/\/schema.org","@graph":[{"@type":"WebPage","@id":"https:\/\/lechatnoirtattoo.com\/index.php\/strass-dentaires-et-extension-cils\/","url":"https:\/\/lechatnoirtattoo.com\/index.php\/strass-dentaires-et-extension-cils\/","name":"Strass dentaires et extension cils - Le chat noir tatouages by Emmy | Instagram, Facebook | Mouans-Sartoux 06370 | Alpes-Maritimes 06","isPartOf":{"@id":"https:\/\/lechatnoirtattoo.com\/#website"},"primaryImageOfPage":{"@id":"https:\/\/lechatnoirtattoo.com\/index.php\/strass-dentaires-et-extension-cils\/#primaryimage"},"image":{"@id":"https:\/\/lechatnoirtattoo.com\/index.php\/strass-dentaires-et-extension-cils\/#primaryimage"},"thumbnailUrl":"https:\/\/lechatnoirtattoo.com\/wp-content\/uploads\/2025\/10\/Untitled-1.png","datePublished":"2025-10-15T16:52:34+00:00","dateModified":"2025-10-19T14:44:09+00:00","breadcrumb":{"@id":"https:\/\/lechatnoirtattoo.com\/index.php\/strass-dentaires-et-extension-cils\/#breadcrumb"},"inLanguage":"fr-FR","potentialAction":[{"@type":"ReadAction","target":["https:\/\/lechatnoirtattoo.com\/index.php\/strass-dentaires-et-extension-cils\/"]}]},{"@type":"ImageObject","inLanguage":"fr-FR","@id":"https:\/\/lechatnoirtattoo.com\/index.php\/strass-dentaires-et-extension-cils\/#primaryimage","url":"https:\/\/lechatnoirtattoo.com\/wp-content\/uploads\/2025\/10\/Untitled-1.png","contentUrl":"https:\/\/lechatnoirtattoo.com\/wp-content\/uploads\/2025\/10\/Untitled-1.png","width":840,"height":674},{"@type":"BreadcrumbList","@id":"https:\/\/lechatnoirtattoo.com\/index.php\/strass-dentaires-et-extension-cils\/#breadcrumb","itemListElement":[{"@type":"ListItem","position":1,"name":"Accueil","item":"https:\/\/lechatnoirtattoo.com\/"},{"@type":"ListItem","position":2,"name":"Strass dentaires et extension cils"}]},{"@type":"WebSite","@id":"https:\/\/lechatnoirtattoo.com\/#website","url":"https:\/\/lechatnoirtattoo.com\/","name":"Le chat noir tatouages by Emmy | Instagram, Facebook | Mouans-Sartoux 06370 | Alpes-Maritimes 06","description":"","publisher":{"@id":"https:\/\/lechatnoirtattoo.com\/#organization"},"potentialAction":[{"@type":"SearchAction","target":{"@type":"EntryPoint","urlTemplate":"https:\/\/lechatnoirtattoo.com\/?s={search_term_string}"},"query-input":{"@type":"PropertyValueSpecification","valueRequired":true,"valueName":"search_term_string"}}],"inLanguage":"fr-FR"},{"@type":"Organization","@id":"https:\/\/lechatnoirtattoo.com\/#organization","name":"Le chat noir tatouages by Emmy | Instagram, Facebook | Mouans-Sartoux 06370 | Alpes-Maritimes 06","url":"https:\/\/lechatnoirtattoo.com\/","logo":{"@type":"ImageObject","inLanguage":"fr-FR","@id":"https:\/\/lechatnoirtattoo.com\/#\/schema\/logo\/image\/","url":"https:\/\/lechatnoirtattoo.com\/wp-content\/uploads\/2023\/02\/logo-black.png","contentUrl":"https:\/\/lechatnoirtattoo.com\/wp-content\/uploads\/2023\/02\/logo-black.png","width":375,"height":183,"caption":"Le chat noir tatouages by Emmy | Instagram, Facebook | Mouans-Sartoux 06370 | Alpes-Maritimes 06"},"image":{"@id":"https:\/\/lechatnoirtattoo.com\/#\/schema\/logo\/image\/"},"sameAs":["https:\/\/www.facebook.com\/lechatnoirtatouagesbyemmy","https:\/\/www.instagram.com\/le_chat_noir_by_emmy","https:\/\/www.tiktok.com\/@lechatnoirtatouagebyemmy"]}]}},"_links":{"self":[{"href":"https:\/\/lechatnoirtattoo.com\/index.php\/wp-json\/wp\/v2\/pages\/989607","targetHints":{"allow":["GET"]}}],"collection":[{"href":"https:\/\/lechatnoirtattoo.com\/index.php\/wp-json\/wp\/v2\/pages"}],"about":[{"href":"https:\/\/lechatnoirtattoo.com\/index.php\/wp-json\/wp\/v2\/types\/page"}],"author":[{"embeddable":true,"href":"https:\/\/lechatnoirtattoo.com\/index.php\/wp-json\/wp\/v2\/users\/1"}],"replies":[{"embeddable":true,"href":"https:\/\/lechatnoirtattoo.com\/index.php\/wp-json\/wp\/v2\/comments?post=989607"}],"version-history":[{"count":0,"href":"https:\/\/lechatnoirtattoo.com\/index.php\/wp-json\/wp\/v2\/pages\/989607\/revisions"}],"wp:attachment":[{"href":"https:\/\/lechatnoirtattoo.com\/index.php\/wp-json\/wp\/v2\/media?parent=989607"}],"curies":[{"name":"wp","href":"https:\/\/api.w.org\/{rel}","templated":true}]}}