{"id":988365,"date":"2023-02-21T18:28:22","date_gmt":"2023-02-21T17:28:22","guid":{"rendered":"https:\/\/lechatnoirtattoo.com\/?page_id=988365"},"modified":"2023-02-24T15:36:12","modified_gmt":"2023-02-24T14:36:12","slug":"mentions-legales","status":"publish","type":"page","link":"https:\/\/lechatnoirtattoo.com\/index.php\/mentions-legales\/","title":{"rendered":"Mentions l\u00e9gales"},"content":{"rendered":"<div class=\"vgblk-rw-wrapper limit-wrapper\">\n\n\t<section>Le site www.lechatnoirtattoo.com est \u00e9dit\u00e9 par le chat noir tatouage<br \/>\n20 rue du 11 novembre<br \/>\n06370 mouans sartoux\nSIRET : 94810753700011<br \/>\nT\u00e9l\u00e9phone : 04.89.02.76.27<br \/>\nEmail : contac@lechatnoirtattoo.com\n<p>Licence et droits de reproduction:<\/p>\nPar l&rsquo;acc\u00e8s au site, le chat noir tatouage consent \u00e0 l&rsquo;utilisateur qui l&rsquo;accepte une licence dans les pr\u00e9sentes conditions. La licence conf\u00e8re \u00e0 l&rsquo;utilisateur un droit d&rsquo;usage priv\u00e9, non collectif et non exclusif, sur le contenu du site. Elle comprend le droit de reproduire, \u00e0 usage personnel, pour stockage aux fins de repr\u00e9sentation sur \u00e9cran monoposte et de reproduction, en un exemplaire, pour copie de sauvegarde ou tirage sur papier. Toute mise en r\u00e9seau, toute rediffusion, sous quelque forme, m\u00eame partielle, est donc interdite.<br \/>\nCe droit est personnel, il est r\u00e9serv\u00e9 \u00e0 l&rsquo;usage exclusif et non collectif du licenci\u00e9. Il n&rsquo;est transmissible en aucune mani\u00e8re. Tout autre usage est soumis \u00e0 autorisation pr\u00e9alable et expresse. La violation de ces dispositions imp\u00e9ratives soumet le contrevenant, et toutes personnes responsables, aux peines p\u00e9nales et civiles pr\u00e9vues par la loi. Pour toute information et demande de reproduction sur support \u00e9lectronique ou sur support papier, ou pour tout lien Internet souhait\u00e9<br \/>\navec le site www.lechatnoirtattoo.com, contactez-nous par email \u00e0 contact@lechatnoirtattoo.com\n<p>Informatique et libert\u00e9s:<\/p>\nLes informations collect\u00e9es sont destin\u00e9es principalement \u00e0 l&rsquo;usage de le chat npir tattoo . Elles nous permettent de traiter votre demande, de vous proposer des prestations personnalis\u00e9es et de vous informer sur nos produits et services. Elles sont ainsi utilis\u00e9es \u00e0 des fins de fid\u00e9lisation, de gestion et d&rsquo;analyses statistiques. Soyez assur\u00e9s que nous collectons vos donn\u00e9es personnelles de fa\u00e7on loyale, et que nous les stockons de fa\u00e7on s\u00e9curis\u00e9e.<br \/>\nVos donn\u00e9es ne sont pas \u00e0 la disposition du public ou de tiers (\u00e0 l&rsquo;exception toutefois de nos prestataires techniques lorsqu&rsquo;ils interviennent sur nos machines, mais ils sont tenus aux m\u00eames obligations de confidentialit\u00e9 et de s\u00e9curit\u00e9 que nous). Pour assurer plus pleinement encore la s\u00e9curisation de vos donn\u00e9es (leur transmission entre votre ordinateur et nos machines n&rsquo;\u00e9tant pas, elle, s\u00e9curis\u00e9e), il vous appartient de conserver secrets vos mot de passe et pseudo.\n<p>Limitations contractuelles sur les donn\u00e9es techniques:<\/p>\n<p>Le site Internet ne pourra \u00eatre tenu responsable de dommages mat\u00e9riels li\u00e9s \u00e0 l&rsquo;utilisation du site. De plus, l&rsquo;utilisateur du site s&rsquo;engage \u00e0 acc\u00e9der au site en utilisant un mat\u00e9riel r\u00e9cent, ne contenant pas de virus et avec un navigateur de derni\u00e8re g\u00e9n\u00e9ration mis-\u00e0-jour.<\/p>\n<\/section>\n\n<\/div><!-- .vgblk-rw-wrapper -->","protected":false},"excerpt":{"rendered":"<p>Le site www.lechatnoirtattoo.com est \u00e9dit\u00e9 par le chat noir tatouage 20 rue du 11 novembre 06370 mouans sartoux SIRET : 94810753700011 T\u00e9l\u00e9phone : 04.89.02.76.27 Email : contac@lechatnoirtattoo.com Licence et droits de reproduction: Par l&rsquo;acc\u00e8s au site, le chat noir tatouage consent \u00e0 l&rsquo;utilisateur qui l&rsquo;accepte une licence dans les pr\u00e9sentes conditions. La licence conf\u00e8re \u00e0&#8230;<\/p>\n","protected":false},"author":1,"featured_media":0,"parent":0,"menu_order":0,"comment_status":"closed","ping_status":"closed","template":"","meta":{"inline_featured_image":false,"footnotes":""},"class_list":["post-988365","page","type-page","status-publish","hentry"],"yoast_head":"<!-- This site is optimized with the Yoast SEO plugin v27.4 - https:\/\/yoast.com\/product\/yoast-seo-wordpress\/ -->\n<title>Mentions l\u00e9gales - Le chat noir tatouages by Emmy | Instagram, Facebook | Mouans-Sartoux 06370 | Alpes-Maritimes 06<\/title>\n<meta name=\"robots\" content=\"index, follow, max-snippet:-1, max-image-preview:large, max-video-preview:-1\" \/>\n<link rel=\"canonical\" href=\"https:\/\/lechatnoirtattoo.com\/index.php\/mentions-legales\/\" \/>\n<meta property=\"og:locale\" content=\"fr_FR\" \/>\n<meta property=\"og:type\" content=\"article\" \/>\n<meta property=\"og:title\" content=\"Mentions l\u00e9gales - Le chat noir tatouages by Emmy | Instagram, Facebook | Mouans-Sartoux 06370 | Alpes-Maritimes 06\" \/>\n<meta property=\"og:description\" content=\"Le site www.lechatnoirtattoo.com est \u00e9dit\u00e9 par le chat noir tatouage 20 rue du 11 novembre 06370 mouans sartoux SIRET : 94810753700011 T\u00e9l\u00e9phone : 04.89.02.76.27 Email : contac@lechatnoirtattoo.com Licence et droits de reproduction: Par l&rsquo;acc\u00e8s au site, le chat noir tatouage consent \u00e0 l&rsquo;utilisateur qui l&rsquo;accepte une licence dans les pr\u00e9sentes conditions. La licence conf\u00e8re \u00e0...\" \/>\n<meta property=\"og:url\" content=\"https:\/\/lechatnoirtattoo.com\/index.php\/mentions-legales\/\" \/>\n<meta property=\"og:site_name\" content=\"Le chat noir tatouages by Emmy | Instagram, Facebook | Mouans-Sartoux 06370 | Alpes-Maritimes 06\" \/>\n<meta property=\"article:publisher\" content=\"https:\/\/www.facebook.com\/lechatnoirtatouagesbyemmy\" \/>\n<meta property=\"article:modified_time\" content=\"2023-02-24T14:36:12+00:00\" \/>\n<meta property=\"og:image\" content=\"https:\/\/lechatnoirtattoo.com\/wp-content\/uploads\/2023\/02\/logo-black.png\" \/>\n\t<meta property=\"og:image:width\" content=\"375\" \/>\n\t<meta property=\"og:image:height\" content=\"183\" \/>\n\t<meta property=\"og:image:type\" content=\"image\/png\" \/>\n<meta name=\"twitter:card\" content=\"summary_large_image\" \/>\n<meta name=\"twitter:label1\" content=\"Dur\u00e9e de lecture estim\u00e9e\" \/>\n\t<meta name=\"twitter:data1\" content=\"1 minute\" \/>\n<script type=\"application\/ld+json\" class=\"yoast-schema-graph\">{\"@context\":\"https:\\\/\\\/schema.org\",\"@graph\":[{\"@type\":\"WebPage\",\"@id\":\"https:\\\/\\\/lechatnoirtattoo.com\\\/index.php\\\/mentions-legales\\\/\",\"url\":\"https:\\\/\\\/lechatnoirtattoo.com\\\/index.php\\\/mentions-legales\\\/\",\"name\":\"Mentions l\u00e9gales - Le chat noir tatouages by Emmy | Instagram, Facebook | Mouans-Sartoux 06370 | Alpes-Maritimes 06\",\"isPartOf\":{\"@id\":\"https:\\\/\\\/lechatnoirtattoo.com\\\/#website\"},\"datePublished\":\"2023-02-21T17:28:22+00:00\",\"dateModified\":\"2023-02-24T14:36:12+00:00\",\"breadcrumb\":{\"@id\":\"https:\\\/\\\/lechatnoirtattoo.com\\\/index.php\\\/mentions-legales\\\/#breadcrumb\"},\"inLanguage\":\"fr-FR\",\"potentialAction\":[{\"@type\":\"ReadAction\",\"target\":[\"https:\\\/\\\/lechatnoirtattoo.com\\\/index.php\\\/mentions-legales\\\/\"]}]},{\"@type\":\"BreadcrumbList\",\"@id\":\"https:\\\/\\\/lechatnoirtattoo.com\\\/index.php\\\/mentions-legales\\\/#breadcrumb\",\"itemListElement\":[{\"@type\":\"ListItem\",\"position\":1,\"name\":\"Accueil\",\"item\":\"https:\\\/\\\/lechatnoirtattoo.com\\\/\"},{\"@type\":\"ListItem\",\"position\":2,\"name\":\"Mentions l\u00e9gales\"}]},{\"@type\":\"WebSite\",\"@id\":\"https:\\\/\\\/lechatnoirtattoo.com\\\/#website\",\"url\":\"https:\\\/\\\/lechatnoirtattoo.com\\\/\",\"name\":\"Le chat noir tatouages by Emmy | Instagram, Facebook | Mouans-Sartoux 06370 | Alpes-Maritimes 06\",\"description\":\"\",\"publisher\":{\"@id\":\"https:\\\/\\\/lechatnoirtattoo.com\\\/#organization\"},\"potentialAction\":[{\"@type\":\"SearchAction\",\"target\":{\"@type\":\"EntryPoint\",\"urlTemplate\":\"https:\\\/\\\/lechatnoirtattoo.com\\\/?s={search_term_string}\"},\"query-input\":{\"@type\":\"PropertyValueSpecification\",\"valueRequired\":true,\"valueName\":\"search_term_string\"}}],\"inLanguage\":\"fr-FR\"},{\"@type\":\"Organization\",\"@id\":\"https:\\\/\\\/lechatnoirtattoo.com\\\/#organization\",\"name\":\"Le chat noir tatouages by Emmy | Instagram, Facebook | Mouans-Sartoux 06370 | Alpes-Maritimes 06\",\"url\":\"https:\\\/\\\/lechatnoirtattoo.com\\\/\",\"logo\":{\"@type\":\"ImageObject\",\"inLanguage\":\"fr-FR\",\"@id\":\"https:\\\/\\\/lechatnoirtattoo.com\\\/#\\\/schema\\\/logo\\\/image\\\/\",\"url\":\"https:\\\/\\\/lechatnoirtattoo.com\\\/wp-content\\\/uploads\\\/2023\\\/02\\\/logo-black.png\",\"contentUrl\":\"https:\\\/\\\/lechatnoirtattoo.com\\\/wp-content\\\/uploads\\\/2023\\\/02\\\/logo-black.png\",\"width\":375,\"height\":183,\"caption\":\"Le chat noir tatouages by Emmy | Instagram, Facebook | Mouans-Sartoux 06370 | Alpes-Maritimes 06\"},\"image\":{\"@id\":\"https:\\\/\\\/lechatnoirtattoo.com\\\/#\\\/schema\\\/logo\\\/image\\\/\"},\"sameAs\":[\"https:\\\/\\\/www.facebook.com\\\/lechatnoirtatouagesbyemmy\",\"https:\\\/\\\/www.instagram.com\\\/le_chat_noir_by_emmy\",\"https:\\\/\\\/www.tiktok.com\\\/@lechatnoirtatouagebyemmy\"]}]}<\/script>\n<!-- \/ Yoast SEO plugin. -->","yoast_head_json":{"title":"Mentions l\u00e9gales - Le chat noir tatouages by Emmy | Instagram, Facebook | Mouans-Sartoux 06370 | Alpes-Maritimes 06","robots":{"index":"index","follow":"follow","max-snippet":"max-snippet:-1","max-image-preview":"max-image-preview:large","max-video-preview":"max-video-preview:-1"},"canonical":"https:\/\/lechatnoirtattoo.com\/index.php\/mentions-legales\/","og_locale":"fr_FR","og_type":"article","og_title":"Mentions l\u00e9gales - Le chat noir tatouages by Emmy | Instagram, Facebook | Mouans-Sartoux 06370 | Alpes-Maritimes 06","og_description":"Le site www.lechatnoirtattoo.com est \u00e9dit\u00e9 par le chat noir tatouage 20 rue du 11 novembre 06370 mouans sartoux SIRET : 94810753700011 T\u00e9l\u00e9phone : 04.89.02.76.27 Email : contac@lechatnoirtattoo.com Licence et droits de reproduction: Par l&rsquo;acc\u00e8s au site, le chat noir tatouage consent \u00e0 l&rsquo;utilisateur qui l&rsquo;accepte une licence dans les pr\u00e9sentes conditions. La licence conf\u00e8re \u00e0...","og_url":"https:\/\/lechatnoirtattoo.com\/index.php\/mentions-legales\/","og_site_name":"Le chat noir tatouages by Emmy | Instagram, Facebook | Mouans-Sartoux 06370 | Alpes-Maritimes 06","article_publisher":"https:\/\/www.facebook.com\/lechatnoirtatouagesbyemmy","article_modified_time":"2023-02-24T14:36:12+00:00","og_image":[{"width":375,"height":183,"url":"https:\/\/lechatnoirtattoo.com\/wp-content\/uploads\/2023\/02\/logo-black.png","type":"image\/png"}],"twitter_card":"summary_large_image","twitter_misc":{"Dur\u00e9e de lecture estim\u00e9e":"1 minute"},"schema":{"@context":"https:\/\/schema.org","@graph":[{"@type":"WebPage","@id":"https:\/\/lechatnoirtattoo.com\/index.php\/mentions-legales\/","url":"https:\/\/lechatnoirtattoo.com\/index.php\/mentions-legales\/","name":"Mentions l\u00e9gales - Le chat noir tatouages by Emmy | Instagram, Facebook | Mouans-Sartoux 06370 | Alpes-Maritimes 06","isPartOf":{"@id":"https:\/\/lechatnoirtattoo.com\/#website"},"datePublished":"2023-02-21T17:28:22+00:00","dateModified":"2023-02-24T14:36:12+00:00","breadcrumb":{"@id":"https:\/\/lechatnoirtattoo.com\/index.php\/mentions-legales\/#breadcrumb"},"inLanguage":"fr-FR","potentialAction":[{"@type":"ReadAction","target":["https:\/\/lechatnoirtattoo.com\/index.php\/mentions-legales\/"]}]},{"@type":"BreadcrumbList","@id":"https:\/\/lechatnoirtattoo.com\/index.php\/mentions-legales\/#breadcrumb","itemListElement":[{"@type":"ListItem","position":1,"name":"Accueil","item":"https:\/\/lechatnoirtattoo.com\/"},{"@type":"ListItem","position":2,"name":"Mentions l\u00e9gales"}]},{"@type":"WebSite","@id":"https:\/\/lechatnoirtattoo.com\/#website","url":"https:\/\/lechatnoirtattoo.com\/","name":"Le chat noir tatouages by Emmy | Instagram, Facebook | Mouans-Sartoux 06370 | Alpes-Maritimes 06","description":"","publisher":{"@id":"https:\/\/lechatnoirtattoo.com\/#organization"},"potentialAction":[{"@type":"SearchAction","target":{"@type":"EntryPoint","urlTemplate":"https:\/\/lechatnoirtattoo.com\/?s={search_term_string}"},"query-input":{"@type":"PropertyValueSpecification","valueRequired":true,"valueName":"search_term_string"}}],"inLanguage":"fr-FR"},{"@type":"Organization","@id":"https:\/\/lechatnoirtattoo.com\/#organization","name":"Le chat noir tatouages by Emmy | Instagram, Facebook | Mouans-Sartoux 06370 | Alpes-Maritimes 06","url":"https:\/\/lechatnoirtattoo.com\/","logo":{"@type":"ImageObject","inLanguage":"fr-FR","@id":"https:\/\/lechatnoirtattoo.com\/#\/schema\/logo\/image\/","url":"https:\/\/lechatnoirtattoo.com\/wp-content\/uploads\/2023\/02\/logo-black.png","contentUrl":"https:\/\/lechatnoirtattoo.com\/wp-content\/uploads\/2023\/02\/logo-black.png","width":375,"height":183,"caption":"Le chat noir tatouages by Emmy | Instagram, Facebook | Mouans-Sartoux 06370 | Alpes-Maritimes 06"},"image":{"@id":"https:\/\/lechatnoirtattoo.com\/#\/schema\/logo\/image\/"},"sameAs":["https:\/\/www.facebook.com\/lechatnoirtatouagesbyemmy","https:\/\/www.instagram.com\/le_chat_noir_by_emmy","https:\/\/www.tiktok.com\/@lechatnoirtatouagebyemmy"]}]}},"_links":{"self":[{"href":"https:\/\/lechatnoirtattoo.com\/index.php\/wp-json\/wp\/v2\/pages\/988365","targetHints":{"allow":["GET"]}}],"collection":[{"href":"https:\/\/lechatnoirtattoo.com\/index.php\/wp-json\/wp\/v2\/pages"}],"about":[{"href":"https:\/\/lechatnoirtattoo.com\/index.php\/wp-json\/wp\/v2\/types\/page"}],"author":[{"embeddable":true,"href":"https:\/\/lechatnoirtattoo.com\/index.php\/wp-json\/wp\/v2\/users\/1"}],"replies":[{"embeddable":true,"href":"https:\/\/lechatnoirtattoo.com\/index.php\/wp-json\/wp\/v2\/comments?post=988365"}],"version-history":[{"count":0,"href":"https:\/\/lechatnoirtattoo.com\/index.php\/wp-json\/wp\/v2\/pages\/988365\/revisions"}],"wp:attachment":[{"href":"https:\/\/lechatnoirtattoo.com\/index.php\/wp-json\/wp\/v2\/media?parent=988365"}],"curies":[{"name":"wp","href":"https:\/\/api.w.org\/{rel}","templated":true}]}}