{"id":988361,"date":"2023-02-21T18:27:44","date_gmt":"2023-02-21T17:27:44","guid":{"rendered":"https:\/\/lechatnoirtattoo.com\/?page_id=988361"},"modified":"2023-02-24T15:37:38","modified_gmt":"2023-02-24T14:37:38","slug":"conditions-generales-de-vente","status":"publish","type":"page","link":"https:\/\/lechatnoirtattoo.com\/index.php\/conditions-generales-de-vente\/","title":{"rendered":"CONDITIONS G\u00c9N\u00c9RALES DE VENTE"},"content":{"rendered":"<div class=\"vgblk-rw-wrapper limit-wrapper\">\n\n\t<section>Champ d&rsquo;application:\nLes pr\u00e9sentes conditions g\u00e9n\u00e9rales expriment l&rsquo;int\u00e9gralit\u00e9 des obligations des parties. En ce sens, l&rsquo;acheteur est r\u00e9put\u00e9 les accepter sans r\u00e9serve.<br \/>\nLes pr\u00e9sentes conditions g\u00e9n\u00e9rales de vente s&rsquo;appliquent \u00e0 l&rsquo;exclusion de toutes autres conditions, et notamment celles applicables pour les ventes en magasin ou au moyen d&rsquo;autres circuits de distribution et de commercialisation.<br \/>\nElles sont accessibles sur le site internet : www.lechatnoirtattoo.com et disponibles l&rsquo;\u00e9tablissements. Elles pr\u00e9vaudront, le cas \u00e9ch\u00e9ant, sur toute autre version ou tout autre document contradictoire.<br \/>\nle chat noir tatouage et l&rsquo;acheteur conviennent que les pr\u00e9sentes conditions g\u00e9n\u00e9rales r\u00e9gissent exclusivement leur relation. le chat noir tatouage se r\u00e9serve le droit de modifier ponctuellement ses conditions g\u00e9n\u00e9rales. Elles seront applicables d\u00e8s leur mise en ligne.<br \/>\nSi une condition de vente venait \u00e0 faire d\u00e9faut, elle serait consid\u00e9r\u00e9e \u00eatre r\u00e9gie par les usages en vigueur dans le secteur de la vente \u00e0 distance dont les soci\u00e9t\u00e9s ont si\u00e8ge en France.\nLes pr\u00e9sentes conditions g\u00e9n\u00e9rales ont pour objet de d\u00e9finir les droits et obligations des parties dans le cadre de la vente de tous les produits propos\u00e9s par le chat noir tatouage dans son catalogue.<br \/>\nLes pr\u00e9sentes conditions ne concernent que les achats effectu\u00e9s par les acheteurs situ\u00e9s en France et livr\u00e9s exclusivement sur le territoire fran\u00e7ais. Pour toute livraison hors de France, il convient d&rsquo;adresser un message \u00e0 contact@lechatnoirtattoo.com.<br \/>\nS&rsquo;il est un consommateur, l&rsquo;acheteur reconna\u00eet avoir eu communication, pr\u00e9alablement \u00e0 la passation de sa commande et \u00e0 la conclusion du contrat, d&rsquo;une mani\u00e8re lisible et compr\u00e9hensible, des pr\u00e9sentes conditions g\u00e9n\u00e9rales de vente et de toutes les informations list\u00e9es \u00e0 l&rsquo;article L. 221-5 du code de la consommation.<br \/>\nL&rsquo;acheteur d\u00e9clare avoir pris connaissance des pr\u00e9sentes conditions g\u00e9n\u00e9rales de vente et les avoir accept\u00e9es avant son achat imm\u00e9diat en ligne ou la passation de sa commande. A cet \u00e9gard, elles lui sont opposables conform\u00e9ment aux termes de l&rsquo;article 1119 du code civil.\n<p>Le catalogue:<\/p>\nLes tarifs appliqu\u00e9s sont les tarifs en vigueur au moment de l&rsquo;enregistrement de la commande.<br \/>\nPhotographies non contractuelles. le chat noir tatouage ne pourra \u00eatre tenu responsable des diff\u00e9rences de nuances dans les couleurs ou dans les tailles des pi\u00e8ces en vente dans ce catalogue.<br \/>\nle chat noir tatouage se r\u00e9serve le droit de modifier les tarifs indiqu\u00e9s \u00e0 tout moment mais s&rsquo;engage \u00e0 appliquer les tarifs en vigueur indiqu\u00e9s au moment de la commande, sous r\u00e9serve de disponibilit\u00e9 \u00e0 cette date.<br \/>\nLes prix sont indiqu\u00e9s en euros. Ils ne tiennent pas compte des frais de livraison, factur\u00e9s en suppl\u00e9ment, et indiqu\u00e9s avant la validation de la commande. Les prix tiennent compte de la TVA applicable au jour de la commande et tout changement du taux applicable TVA sera automatiquement r\u00e9percut\u00e9 sur le prix des produits de la boutique en ligne.<br \/>\nInformations sur les produits<br \/>\nLes produits r\u00e9gis par les pr\u00e9sentes conditions g\u00e9n\u00e9rales sont ceux qui figurent sur le site internet de la chat noir tatouage et qui sont indiqu\u00e9s comme vendus et exp\u00e9di\u00e9s par le chat noir tatouage. Ils sont propos\u00e9s dans la limite des stocks disponibles.\n<p>La commande:<\/p>\nL&rsquo;acheteur a la possibilit\u00e9 de passer sa commande, sur www.lechatnoirtattoo.com (\u00e0 partir du catalogue en ligne et au moyen du formulaire qui y figure), dans la limite des stocks disponibles.<br \/>\nEn cas d&rsquo;indisponibilit\u00e9 d&rsquo;un produit command\u00e9, l&rsquo;acheteur en sera inform\u00e9 par courrier \u00e9lectronique. L&rsquo;acheteur aura alors le choix de demander soit le remboursement des sommes vers\u00e9es dans les 30 jours au plus tard de leur versement, soit l&rsquo;\u00e9change du produit.<br \/>\nLa vente sera consid\u00e9r\u00e9e comme d\u00e9finitive :<br \/>\n&#8211; apr\u00e8s l&rsquo;envoi \u00e0 l&rsquo;acheteur de la confirmation de l&rsquo;acceptation de la commande par le chatnoirtatouage par courrier \u00e9lectronique ;<br \/>\n&#8211; et apr\u00e8s encaissement par le chat noir tatouage de l&rsquo;int\u00e9gralit\u00e9 du prix.<br \/>\nToute commande vaut acceptation des prix et descriptions des produits disponibles \u00e0 la vente.<br \/>\nDans certains cas, notamment d\u00e9faut de paiement, adresse erron\u00e9e ou autre probl\u00e8me sur le compte de l&rsquo;acheteur, le chat noir tatouage se r\u00e9serve le droit de bloquer la commande de l&rsquo;acheteur jusqu&rsquo;\u00e0 la r\u00e9solution du probl\u00e8me.<br \/>\nL&rsquo;annulation de la commande du produit et son \u00e9ventuel remboursement seront alors effectu\u00e9s, le reste de la commande demeurant ferme et d\u00e9finitif.<br \/>\nPour toute question relative au suivi d&rsquo;une commande, l&rsquo;acheteur doit appeler le 04.89.02.76.27 du mardi au vendredi, de 11h \u00e0 18h et le samedi de 10h \u00e0 19h (co\u00fbt d&rsquo;un appel local).<br \/>\nSauf en cas de force majeure, les d\u00e9lais d&rsquo;exp\u00e9dition seront, dans la limite des stocks disponibles, de 48 heures maximum \u00e0 compter de la date d&rsquo;enregistrement de la commande.<br \/>\nModes de r\u00e8glements accept\u00e9s : carte bancaire, virement, esp\u00e8ce\n<p>Le transport:<\/p>\n<p>Les produits command\u00e9s sont livr\u00e9s selon les modalit\u00e9s suivantes :<\/p>\npar la poste lettre suivi:<br \/>\n20g a 100g : 3.83\u20ac<br \/>\n100g a250g : 4.91\u20ac\npar colis la poste :<br \/>\njusqu&rsquo;a 500g : 7.8\u20ac<br \/>\n500g a 1kg : 9.35\npar mondial relay :<br \/>\njusqu&rsquo;a 500g : 4.6\u20ac<br \/>\n500g a 1kg : 6.7\u20ac\nAucune livraison n&rsquo;est effectu\u00e9e dans les postes restantes et bo\u00eetes postales. Les produits sont livr\u00e9s \u00e0 l&rsquo;adresse indiqu\u00e9e par l&rsquo;acheteur sur le bon de commande, l&rsquo;acheteur devra veiller \u00e0 son exactitude. Tout colis renvoy\u00e9 \u00e0 le chat noir tatouage \u00e0 cause d&rsquo;une adresse de livraison erron\u00e9e ou incompl\u00e8te sera r\u00e9exp\u00e9di\u00e9 aux frais de l&rsquo;acheteur.<br \/>\nSi l&rsquo;acheteur est absent le jour de la livraison, le livreur laissera un avis de passage dans la bo\u00eete aux lettres, qui permettra de retirer le colis \u00e0 l&rsquo;endroit et pendant le d\u00e9lai indiqu\u00e9s.<br \/>\nSi au moment de la livraison, l&#8217;emballage d&rsquo;origine est ab\u00eem\u00e9, d\u00e9chir\u00e9, ouvert, l&rsquo;acheteur doit alors v\u00e9rifier l&rsquo;\u00e9tat des articles. S&rsquo;ils ont \u00e9t\u00e9 endommag\u00e9s, l&rsquo;acheteur doit imp\u00e9rativement refuser le colis et noter une r\u00e9serve sur le bordereau de livraison (colis refus\u00e9 car ouvert ou endommag\u00e9).<br \/>\nL&rsquo;acheteur doit indiquer sur le bon de livraison et sous forme de r\u00e9serves manuscrites accompagn\u00e9es de sa signature toute anomalie concernant la livraison (avarie, produit manquant par rapport au bon de livraison, colis endommag\u00e9, produits cass\u00e9s&#8230;).<br \/>\nCette v\u00e9rification est consid\u00e9r\u00e9e comme effectu\u00e9e d\u00e8s lors que l&rsquo;acheteur, ou une personne autoris\u00e9e par lui, a sign\u00e9 le bon de livraison.<br \/>\nSi les produits n\u00e9cessitent d&rsquo;\u00eatre renvoy\u00e9s \u00e0 le chat noir tatouage , ils doivent faire l&rsquo;objet d&rsquo;une demande de retour dans les 7 jours suivant la livraison. Toute r\u00e9clamation formul\u00e9e hors de ce d\u00e9lai ne pourra \u00eatre accept\u00e9e. Le retour du produit ne pourra \u00eatre accept\u00e9 que pour les produits dans leur \u00e9tat d&rsquo;origine (emballage, accessoires, notice&#8230;).\n<p>le retour:<\/p>\n<p>les retours ne sont accept\u00e9s que pour des marchandises receptionn\u00e9es d\u00e9terior\u00e9es (sauf d\u00e9t\u00e9riorations dues au transport ) ou non conforme aux marchandises command\u00e9es ou pour les produits pour lesquels la garantie l\u00e9gale de conformit\u00e9 s&rsquo;applique.<\/p>\n<p>Seules les commandes pass\u00e9es par internet constituent une trace pouvant faire valoir la non-conformit\u00e9.<\/p>\nL&rsquo;acheteur devra formuler aupr\u00e8s de le chat noir tatouage le jour m\u00eame de la livraison ou au plus tard le premier jour ouvr\u00e9 suivant la livraison, toute r\u00e9clamation d&rsquo;erreur de livraison et\/ou de non-conformit\u00e9 des produits en nature ou en qualit\u00e9 par rapport aux indications figurant sur le bon de commande.<br \/>\nLa r\u00e9clamation pourra \u00eatre faite, au choix de l&rsquo;acheteur :<br \/>\n&#8211; num\u00e9ro de t\u00e9l\u00e9phone : 04.89.02.76.27<br \/>\n&#8211; adresse de courrier \u00e9lectronique : contact@lechatnoirtattoo.com<br \/>\nToute r\u00e9clamation non effectu\u00e9e dans les r\u00e8gles d\u00e9finies ci-dessus et dans les d\u00e9lais impartis ne pourra \u00eatre prise en compte et d\u00e9gagera le chat noir tatouage de toute responsabilit\u00e9 vis-\u00e0-vis de l&rsquo;acheteur.<br \/>\nEn cas d&rsquo;erreur de livraison ou d&rsquo;\u00e9change, tout produit \u00e0 \u00e9changer ou \u00e0 rembourser devra \u00eatre retourn\u00e9 \u00e0 le chat noir tatouage dans son ensemble et dans son emballage d&rsquo;origine, en lettre ou colis suivi , \u00e0 l&rsquo;adresse suivante :\nle chat noir tatouage<br \/>\n20 rue du 11 novembre<br \/>\n06370 moua&amp;ns-sartoux\n<p>Les frais de retour sont \u00e0 la charge du client.<\/p>\n<p>Droit de r\u00e9tractation en cas d&rsquo;achat en ligne:<\/p>\nConform\u00e9ment aux dispositions du code de la consommation, l&rsquo;acheteur dispose d&rsquo;un d\u00e9lai de 14 jours ouvrables \u00e0 compter de la date de livraison de sa commande, pour retourner tout article ne lui convenant pas et demander l&rsquo;\u00e9change ou le remboursement sans p\u00e9nalit\u00e9, \u00e0 l&rsquo;exception des frais de retour qui restent \u00e0 la charge de l&rsquo;acheteur..<br \/>\nLes produits doivent cependant \u00eatre retourn\u00e9s dans leur emballage d&rsquo;origine et en parfait \u00e9tat dans les 14 jours au moins suivant la communication de la d\u00e9cision de r\u00e9tractation.<br \/>\nLes retours sont \u00e0 effectuer dans leur \u00e9tat d&rsquo;origine et complets (emballage, accessoires, notice&#8230;) permettant leur recommercialisation \u00e0 l&rsquo;\u00e9tat neuf, accompagn\u00e9s de la facture d&rsquo;achat.<br \/>\nLes produits endommag\u00e9s, salis ou incomplets ne sont pas repris.<br \/>\nLe droit de r\u00e9tractation peut \u00eatre exerc\u00e9 par tout moyen, par courrier ou en ligne a contact@lechatnoirtattoo.com . Dans ce cas, un accus\u00e9 de r\u00e9ception sur un support durable sera imm\u00e9diatement communiqu\u00e9 \u00e0 l&rsquo;acheteur.<br \/>\nEn cas d&rsquo;exercice du droit de r\u00e9tractation dans le d\u00e9lai susvis\u00e9, sont rembours\u00e9s le prix du ou des produit(s) achet\u00e9(s) et les frais de livraison sont rembours\u00e9s.<br \/>\nLes frais de retour sont \u00e0 la charge de l&rsquo;acheteur.<br \/>\nL&rsquo;\u00e9change (sous r\u00e9serve de disponibilit\u00e9) ou le remboursement sera effectu\u00e9 dans un d\u00e9lai de 14 jours \u00e0 compter de la r\u00e9ception, par le chat noir tatouage , des produits retourn\u00e9s par l&rsquo;acheteur dans les conditions pr\u00e9vues ci-dessus.<br \/>\nConform\u00e9ment \u00e0 l&rsquo;article L. 221-28 du code de la conso le droit de r\u00e9tractation ne peut pas \u00eatre exerc\u00e9 pour les contrats :<br \/>\n&#8211; de fourniture de services pleinement ex\u00e9cut\u00e9s avant la fin du d\u00e9lai de r\u00e9tractation et dont l&rsquo;ex\u00e9cution a commenc\u00e9 apr\u00e8s accord pr\u00e9alable expr\u00e8s du consommateur et renoncement expr\u00e8s \u00e0 son droit de r\u00e9tractation ,<br \/>\n&#8211; de fourniture d&rsquo;enregistrements audio ou vid\u00e9o ou de logiciels informatiques lorsqu&rsquo;ils ont \u00e9t\u00e9 descell\u00e9s par le consommateur apr\u00e8s la livraison,<br \/>\n&#8211; de fourniture d&rsquo;un contenu num\u00e9rique non fourni sur un support mat\u00e9riel dont l&rsquo;ex\u00e9cution a commenc\u00e9 apr\u00e8s accord pr\u00e9alable expr\u00e8s du consommateur et renoncement expr\u00e8s \u00e0 son droit de r\u00e9tractation.\n<p>collecte des donn\u00e9es:<\/p>\nLes donn\u00e9es nominatives fournies par l&rsquo;acheteur sont n\u00e9cessaires au traitement de sa commande et \u00e0 l&rsquo;\u00e9tablissement des factures.<br \/>\ncelle-ci resteront en possession de le chat noir tatouage et ne seront divulg\u00e9 a aucun partenairs.\n<\/section>\n\n<\/div><!-- .vgblk-rw-wrapper -->","protected":false},"excerpt":{"rendered":"<p>Champ d&rsquo;application: Les pr\u00e9sentes conditions g\u00e9n\u00e9rales expriment l&rsquo;int\u00e9gralit\u00e9 des obligations des parties. En ce sens, l&rsquo;acheteur est r\u00e9put\u00e9 les accepter sans r\u00e9serve. Les pr\u00e9sentes conditions g\u00e9n\u00e9rales de vente s&rsquo;appliquent \u00e0 l&rsquo;exclusion de toutes autres conditions, et notamment celles applicables pour les ventes en magasin ou au moyen d&rsquo;autres circuits de distribution et de commercialisation. Elles&#8230;<\/p>\n","protected":false},"author":1,"featured_media":0,"parent":0,"menu_order":0,"comment_status":"closed","ping_status":"closed","template":"","meta":{"inline_featured_image":false,"footnotes":""},"class_list":["post-988361","page","type-page","status-publish","hentry"],"yoast_head":"<!-- This site is optimized with the Yoast SEO plugin v27.4 - https:\/\/yoast.com\/product\/yoast-seo-wordpress\/ -->\n<title>CONDITIONS G\u00c9N\u00c9RALES DE VENTE - Le chat noir tatouages by Emmy | Instagram, Facebook | Mouans-Sartoux 06370 | Alpes-Maritimes 06<\/title>\n<meta name=\"robots\" content=\"index, follow, max-snippet:-1, max-image-preview:large, max-video-preview:-1\" \/>\n<link rel=\"canonical\" href=\"https:\/\/lechatnoirtattoo.com\/index.php\/conditions-generales-de-vente\/\" \/>\n<meta property=\"og:locale\" content=\"fr_FR\" \/>\n<meta property=\"og:type\" content=\"article\" \/>\n<meta property=\"og:title\" content=\"CONDITIONS G\u00c9N\u00c9RALES DE VENTE - Le chat noir tatouages by Emmy | Instagram, Facebook | Mouans-Sartoux 06370 | Alpes-Maritimes 06\" \/>\n<meta property=\"og:description\" content=\"Champ d&rsquo;application: Les pr\u00e9sentes conditions g\u00e9n\u00e9rales expriment l&rsquo;int\u00e9gralit\u00e9 des obligations des parties. En ce sens, l&rsquo;acheteur est r\u00e9put\u00e9 les accepter sans r\u00e9serve. Les pr\u00e9sentes conditions g\u00e9n\u00e9rales de vente s&rsquo;appliquent \u00e0 l&rsquo;exclusion de toutes autres conditions, et notamment celles applicables pour les ventes en magasin ou au moyen d&rsquo;autres circuits de distribution et de commercialisation. Elles...\" \/>\n<meta property=\"og:url\" content=\"https:\/\/lechatnoirtattoo.com\/index.php\/conditions-generales-de-vente\/\" \/>\n<meta property=\"og:site_name\" content=\"Le chat noir tatouages by Emmy | Instagram, Facebook | Mouans-Sartoux 06370 | Alpes-Maritimes 06\" \/>\n<meta property=\"article:publisher\" content=\"https:\/\/www.facebook.com\/lechatnoirtatouagesbyemmy\" \/>\n<meta property=\"article:modified_time\" content=\"2023-02-24T14:37:38+00:00\" \/>\n<meta property=\"og:image\" content=\"https:\/\/lechatnoirtattoo.com\/wp-content\/uploads\/2023\/02\/logo-black.png\" \/>\n\t<meta property=\"og:image:width\" content=\"375\" \/>\n\t<meta property=\"og:image:height\" content=\"183\" \/>\n\t<meta property=\"og:image:type\" content=\"image\/png\" \/>\n<meta name=\"twitter:card\" content=\"summary_large_image\" \/>\n<meta name=\"twitter:label1\" content=\"Dur\u00e9e de lecture estim\u00e9e\" \/>\n\t<meta name=\"twitter:data1\" content=\"15 minutes\" \/>\n<script type=\"application\/ld+json\" class=\"yoast-schema-graph\">{\"@context\":\"https:\\\/\\\/schema.org\",\"@graph\":[{\"@type\":\"WebPage\",\"@id\":\"https:\\\/\\\/lechatnoirtattoo.com\\\/index.php\\\/conditions-generales-de-vente\\\/\",\"url\":\"https:\\\/\\\/lechatnoirtattoo.com\\\/index.php\\\/conditions-generales-de-vente\\\/\",\"name\":\"CONDITIONS G\u00c9N\u00c9RALES DE VENTE - Le chat noir tatouages by Emmy | Instagram, Facebook | Mouans-Sartoux 06370 | Alpes-Maritimes 06\",\"isPartOf\":{\"@id\":\"https:\\\/\\\/lechatnoirtattoo.com\\\/#website\"},\"datePublished\":\"2023-02-21T17:27:44+00:00\",\"dateModified\":\"2023-02-24T14:37:38+00:00\",\"breadcrumb\":{\"@id\":\"https:\\\/\\\/lechatnoirtattoo.com\\\/index.php\\\/conditions-generales-de-vente\\\/#breadcrumb\"},\"inLanguage\":\"fr-FR\",\"potentialAction\":[{\"@type\":\"ReadAction\",\"target\":[\"https:\\\/\\\/lechatnoirtattoo.com\\\/index.php\\\/conditions-generales-de-vente\\\/\"]}]},{\"@type\":\"BreadcrumbList\",\"@id\":\"https:\\\/\\\/lechatnoirtattoo.com\\\/index.php\\\/conditions-generales-de-vente\\\/#breadcrumb\",\"itemListElement\":[{\"@type\":\"ListItem\",\"position\":1,\"name\":\"Accueil\",\"item\":\"https:\\\/\\\/lechatnoirtattoo.com\\\/\"},{\"@type\":\"ListItem\",\"position\":2,\"name\":\"CONDITIONS G\u00c9N\u00c9RALES DE VENTE\"}]},{\"@type\":\"WebSite\",\"@id\":\"https:\\\/\\\/lechatnoirtattoo.com\\\/#website\",\"url\":\"https:\\\/\\\/lechatnoirtattoo.com\\\/\",\"name\":\"Le chat noir tatouages by Emmy | Instagram, Facebook | Mouans-Sartoux 06370 | Alpes-Maritimes 06\",\"description\":\"\",\"publisher\":{\"@id\":\"https:\\\/\\\/lechatnoirtattoo.com\\\/#organization\"},\"potentialAction\":[{\"@type\":\"SearchAction\",\"target\":{\"@type\":\"EntryPoint\",\"urlTemplate\":\"https:\\\/\\\/lechatnoirtattoo.com\\\/?s={search_term_string}\"},\"query-input\":{\"@type\":\"PropertyValueSpecification\",\"valueRequired\":true,\"valueName\":\"search_term_string\"}}],\"inLanguage\":\"fr-FR\"},{\"@type\":\"Organization\",\"@id\":\"https:\\\/\\\/lechatnoirtattoo.com\\\/#organization\",\"name\":\"Le chat noir tatouages by Emmy | Instagram, Facebook | Mouans-Sartoux 06370 | Alpes-Maritimes 06\",\"url\":\"https:\\\/\\\/lechatnoirtattoo.com\\\/\",\"logo\":{\"@type\":\"ImageObject\",\"inLanguage\":\"fr-FR\",\"@id\":\"https:\\\/\\\/lechatnoirtattoo.com\\\/#\\\/schema\\\/logo\\\/image\\\/\",\"url\":\"https:\\\/\\\/lechatnoirtattoo.com\\\/wp-content\\\/uploads\\\/2023\\\/02\\\/logo-black.png\",\"contentUrl\":\"https:\\\/\\\/lechatnoirtattoo.com\\\/wp-content\\\/uploads\\\/2023\\\/02\\\/logo-black.png\",\"width\":375,\"height\":183,\"caption\":\"Le chat noir tatouages by Emmy | Instagram, Facebook | Mouans-Sartoux 06370 | Alpes-Maritimes 06\"},\"image\":{\"@id\":\"https:\\\/\\\/lechatnoirtattoo.com\\\/#\\\/schema\\\/logo\\\/image\\\/\"},\"sameAs\":[\"https:\\\/\\\/www.facebook.com\\\/lechatnoirtatouagesbyemmy\",\"https:\\\/\\\/www.instagram.com\\\/le_chat_noir_by_emmy\",\"https:\\\/\\\/www.tiktok.com\\\/@lechatnoirtatouagebyemmy\"]}]}<\/script>\n<!-- \/ Yoast SEO plugin. -->","yoast_head_json":{"title":"CONDITIONS G\u00c9N\u00c9RALES DE VENTE - Le chat noir tatouages by Emmy | Instagram, Facebook | Mouans-Sartoux 06370 | Alpes-Maritimes 06","robots":{"index":"index","follow":"follow","max-snippet":"max-snippet:-1","max-image-preview":"max-image-preview:large","max-video-preview":"max-video-preview:-1"},"canonical":"https:\/\/lechatnoirtattoo.com\/index.php\/conditions-generales-de-vente\/","og_locale":"fr_FR","og_type":"article","og_title":"CONDITIONS G\u00c9N\u00c9RALES DE VENTE - Le chat noir tatouages by Emmy | Instagram, Facebook | Mouans-Sartoux 06370 | Alpes-Maritimes 06","og_description":"Champ d&rsquo;application: Les pr\u00e9sentes conditions g\u00e9n\u00e9rales expriment l&rsquo;int\u00e9gralit\u00e9 des obligations des parties. En ce sens, l&rsquo;acheteur est r\u00e9put\u00e9 les accepter sans r\u00e9serve. Les pr\u00e9sentes conditions g\u00e9n\u00e9rales de vente s&rsquo;appliquent \u00e0 l&rsquo;exclusion de toutes autres conditions, et notamment celles applicables pour les ventes en magasin ou au moyen d&rsquo;autres circuits de distribution et de commercialisation. Elles...","og_url":"https:\/\/lechatnoirtattoo.com\/index.php\/conditions-generales-de-vente\/","og_site_name":"Le chat noir tatouages by Emmy | Instagram, Facebook | Mouans-Sartoux 06370 | Alpes-Maritimes 06","article_publisher":"https:\/\/www.facebook.com\/lechatnoirtatouagesbyemmy","article_modified_time":"2023-02-24T14:37:38+00:00","og_image":[{"width":375,"height":183,"url":"https:\/\/lechatnoirtattoo.com\/wp-content\/uploads\/2023\/02\/logo-black.png","type":"image\/png"}],"twitter_card":"summary_large_image","twitter_misc":{"Dur\u00e9e de lecture estim\u00e9e":"15 minutes"},"schema":{"@context":"https:\/\/schema.org","@graph":[{"@type":"WebPage","@id":"https:\/\/lechatnoirtattoo.com\/index.php\/conditions-generales-de-vente\/","url":"https:\/\/lechatnoirtattoo.com\/index.php\/conditions-generales-de-vente\/","name":"CONDITIONS G\u00c9N\u00c9RALES DE VENTE - Le chat noir tatouages by Emmy | Instagram, Facebook | Mouans-Sartoux 06370 | Alpes-Maritimes 06","isPartOf":{"@id":"https:\/\/lechatnoirtattoo.com\/#website"},"datePublished":"2023-02-21T17:27:44+00:00","dateModified":"2023-02-24T14:37:38+00:00","breadcrumb":{"@id":"https:\/\/lechatnoirtattoo.com\/index.php\/conditions-generales-de-vente\/#breadcrumb"},"inLanguage":"fr-FR","potentialAction":[{"@type":"ReadAction","target":["https:\/\/lechatnoirtattoo.com\/index.php\/conditions-generales-de-vente\/"]}]},{"@type":"BreadcrumbList","@id":"https:\/\/lechatnoirtattoo.com\/index.php\/conditions-generales-de-vente\/#breadcrumb","itemListElement":[{"@type":"ListItem","position":1,"name":"Accueil","item":"https:\/\/lechatnoirtattoo.com\/"},{"@type":"ListItem","position":2,"name":"CONDITIONS G\u00c9N\u00c9RALES DE VENTE"}]},{"@type":"WebSite","@id":"https:\/\/lechatnoirtattoo.com\/#website","url":"https:\/\/lechatnoirtattoo.com\/","name":"Le chat noir tatouages by Emmy | Instagram, Facebook | Mouans-Sartoux 06370 | Alpes-Maritimes 06","description":"","publisher":{"@id":"https:\/\/lechatnoirtattoo.com\/#organization"},"potentialAction":[{"@type":"SearchAction","target":{"@type":"EntryPoint","urlTemplate":"https:\/\/lechatnoirtattoo.com\/?s={search_term_string}"},"query-input":{"@type":"PropertyValueSpecification","valueRequired":true,"valueName":"search_term_string"}}],"inLanguage":"fr-FR"},{"@type":"Organization","@id":"https:\/\/lechatnoirtattoo.com\/#organization","name":"Le chat noir tatouages by Emmy | Instagram, Facebook | Mouans-Sartoux 06370 | Alpes-Maritimes 06","url":"https:\/\/lechatnoirtattoo.com\/","logo":{"@type":"ImageObject","inLanguage":"fr-FR","@id":"https:\/\/lechatnoirtattoo.com\/#\/schema\/logo\/image\/","url":"https:\/\/lechatnoirtattoo.com\/wp-content\/uploads\/2023\/02\/logo-black.png","contentUrl":"https:\/\/lechatnoirtattoo.com\/wp-content\/uploads\/2023\/02\/logo-black.png","width":375,"height":183,"caption":"Le chat noir tatouages by Emmy | Instagram, Facebook | Mouans-Sartoux 06370 | Alpes-Maritimes 06"},"image":{"@id":"https:\/\/lechatnoirtattoo.com\/#\/schema\/logo\/image\/"},"sameAs":["https:\/\/www.facebook.com\/lechatnoirtatouagesbyemmy","https:\/\/www.instagram.com\/le_chat_noir_by_emmy","https:\/\/www.tiktok.com\/@lechatnoirtatouagebyemmy"]}]}},"_links":{"self":[{"href":"https:\/\/lechatnoirtattoo.com\/index.php\/wp-json\/wp\/v2\/pages\/988361","targetHints":{"allow":["GET"]}}],"collection":[{"href":"https:\/\/lechatnoirtattoo.com\/index.php\/wp-json\/wp\/v2\/pages"}],"about":[{"href":"https:\/\/lechatnoirtattoo.com\/index.php\/wp-json\/wp\/v2\/types\/page"}],"author":[{"embeddable":true,"href":"https:\/\/lechatnoirtattoo.com\/index.php\/wp-json\/wp\/v2\/users\/1"}],"replies":[{"embeddable":true,"href":"https:\/\/lechatnoirtattoo.com\/index.php\/wp-json\/wp\/v2\/comments?post=988361"}],"version-history":[{"count":0,"href":"https:\/\/lechatnoirtattoo.com\/index.php\/wp-json\/wp\/v2\/pages\/988361\/revisions"}],"wp:attachment":[{"href":"https:\/\/lechatnoirtattoo.com\/index.php\/wp-json\/wp\/v2\/media?parent=988361"}],"curies":[{"name":"wp","href":"https:\/\/api.w.org\/{rel}","templated":true}]}}