{"id":14780,"date":"2017-12-30T23:03:09","date_gmt":"2017-12-30T23:03:09","guid":{"rendered":"https:\/\/tattoo.vamtam.com\/?page_id=14780"},"modified":"2025-10-30T13:39:02","modified_gmt":"2025-10-30T12:39:02","slug":"piercing","status":"publish","type":"page","link":"https:\/\/lechatnoirtattoo.com\/index.php\/piercing\/","title":{"rendered":"Piercing"},"content":{"rendered":"<div class=\"vgblk-rw-wrapper limit-wrapper\">\n\n\t\t\t\t\t\t\t<img fetchpriority=\"high\" fetchpriority=\"high\" decoding=\"async\" src=\"https:\/\/lechatnoirtattoo.com\/wp-content\/uploads\/2025\/10\/11-768x616-1.png\" alt=\"11-768x616\" itemprop=\"image\" height=\"616\" width=\"768\" title=\"11-768x616\" onerror=\"this.style.display='none'\"  sizes=\"(max-width: 768px) 100vw, 100vw\" srcset=\"https:\/\/lechatnoirtattoo.com\/wp-content\/uploads\/2025\/10\/11-768x616-1.png 768w, https:\/\/lechatnoirtattoo.com\/wp-content\/uploads\/2025\/10\/11-768x616-1-300x241.png 300w, https:\/\/lechatnoirtattoo.com\/wp-content\/uploads\/2025\/10\/11-768x616-1-100x80.png 100w, https:\/\/lechatnoirtattoo.com\/wp-content\/uploads\/2025\/10\/11-768x616-1-630x505.png 630w, https:\/\/lechatnoirtattoo.com\/wp-content\/uploads\/2025\/10\/11-768x616-1-420x337.png 420w, https:\/\/lechatnoirtattoo.com\/wp-content\/uploads\/2025\/10\/11-768x616-1-315x253.png 315w\" \/>\t\t\t\t\t\t\t\n<h3>\n\tEvan\n\t<\/h3>\n\t<h5>Dipl\u00f4m\u00e9 de ma formation hygi\u00e8ne et salubrit\u00e9, le bien \u00eatre de mes clients est ma priorit\u00e9. J&rsquo;accompagne mes clients dans le processus, les rassures et veille \u00e0 la compr\u00e9hension des soins pour une cicatrisation optimale. Le suivi de mes client est primordiale , c&rsquo;est pour cela que Je vous suis jusqu&rsquo;\u00e0 la cicatrisation compl\u00e8te.<\/h5>\n\t<style type=\"text\/css\" scoped>.rbs_gallery_69e18ef6c133bSpinner{\r\n\t\t\t\tmargin: 50px auto;\r\n\t\t\t\twidth: 50px;\r\n\t\t\t\theight: 40px;\r\n\t\t\t\ttext-align: center;\r\n\t\t\t\tfont-size: 10px;\r\n\t\t\t}\r\n\t\t\t.rbs_gallery_69e18ef6c133bSpinner > div{\r\n\t\t\t  background-color: #333;\r\n\t\t\t  height: 100%;\r\n\t\t\t  width: 6px;\r\n\t\t\t  display: inline-block;\r\n\t\t\t  -webkit-animation: rbs_gallery_69e18ef6c133b-stretchdelay 1.2s infinite ease-in-out;\r\n\t\t\t  animation: rbs_gallery_69e18ef6c133b-stretchdelay 1.2s infinite ease-in-out;\r\n\t\t\t}\r\n\t\t\t.rbs_gallery_69e18ef6c133bSpinner .rbs_gallery_69e18ef6c133bRect2 {\r\n\t\t\t  -webkit-animation-delay: -1.1s;\r\n\t\t\t  animation-delay: -1.1s;\r\n\t\t\t}\r\n\t\t\t.rbs_gallery_69e18ef6c133bSpinner .rbs_gallery_69e18ef6c133bRect3 {\r\n\t\t\t  -webkit-animation-delay: -1.0s;\r\n\t\t\t  animation-delay: -1.0s;\r\n\t\t\t}\r\n\t\t\t.rbs_gallery_69e18ef6c133bSpinner .rbs_gallery_69e18ef6c133bRect4 {\r\n\t\t\t  -webkit-animation-delay: -0.9s;\r\n\t\t\t  animation-delay: -0.9s;\r\n\t\t\t}\r\n\t\t\t.rbs_gallery_69e18ef6c133bSpinner .rbs_gallery_69e18ef6c133bRect5 {\r\n\t\t\t  -webkit-animation-delay: -0.8s;\r\n\t\t\t  animation-delay: -0.8s;\r\n\t\t\t}\r\n\t\t\t@-webkit-keyframes rbs_gallery_69e18ef6c133b-stretchdelay {\r\n\t\t\t  0%, 40%, 100% { -webkit-transform: scaleY(0.4) }  \r\n\t\t\t  20% { -webkit-transform: scaleY(1.0) }\r\n\t\t\t}\r\n\t\t\t@keyframes rbs_gallery_69e18ef6c133b-stretchdelay {\r\n\t\t\t  0%, 40%, 100% { \r\n\t\t\t    transform: scaleY(0.4);\r\n\t\t\t    -webkit-transform: scaleY(0.4);\r\n\t\t\t  }  20% { \r\n\t\t\t    transform: scaleY(1.0);\r\n\t\t\t    -webkit-transform: scaleY(1.0);\r\n\t\t\t  }\r\n\t\t\t}\r\n\t\t<\/style><div id=\"robo-gallery-slider-wraprbs_gallery_69e18ef6c133b\" class=\"robo-gallery-slider-wrap robo-gallery-slider-wrap-id989696 robo-gallery-slider\"><div id=\"rbs_gallery_69e18ef6c133b-block-loader\" class=\"rbs_gallery_69e18ef6c133bSpinner\"><div class=\"rbs_gallery_69e18ef6c133bRect1\"><\/div> <div class=\"rbs_gallery_69e18ef6c133bRect2\"><\/div> <div class=\"rbs_gallery_69e18ef6c133bRect3\"><\/div> <div class=\"rbs_gallery_69e18ef6c133bRect4\"><\/div> <div class=\"rbs_gallery_69e18ef6c133bRect5\"><\/div><\/div><div id=\"robo-gallery-slider-block-rbs_gallery_69e18ef6c133b\"  data-options=\"rbs_gallery_69e18ef6c133b\" \r\n\t\t\t\t\tclass=\"swiper-container robo-gallery-slider-container robo-gallery-slider-989696\" \r\n\t\t\t\t\tstyle=\"height:30vh;  display: none;\"\r\n\t\t\t\t\t\r\n\t\t\t\t><div id=\"rbs_gallery_69e18ef6c133b\" class=\"swiper-wrapper robo-slider-gallery  \"><div class=\"swiper-slide  \" \r\n \t\t\t\t\tstyle=\"background-image:url('https:\/\/lechatnoirtattoo.com\/wp-content\/uploads\/2025\/10\/Unknown-2-scaled.jpeg');\" ><\/div><div class=\"swiper-slide  \" \r\n \t\t\t\t\tstyle=\"background-image:url('https:\/\/lechatnoirtattoo.com\/wp-content\/uploads\/2025\/10\/image3-5-scaled.jpeg');\" ><\/div><div class=\"swiper-slide  \" \r\n \t\t\t\t\tstyle=\"background-image:url('https:\/\/lechatnoirtattoo.com\/wp-content\/uploads\/2025\/10\/image6-3-scaled.jpeg');\" ><\/div><div class=\"swiper-slide  \" \r\n \t\t\t\t\tstyle=\"background-image:url('https:\/\/lechatnoirtattoo.com\/wp-content\/uploads\/2025\/10\/image0-5-scaled.jpeg');\" ><\/div><div class=\"swiper-slide  \" \r\n \t\t\t\t\tstyle=\"background-image:url('https:\/\/lechatnoirtattoo.com\/wp-content\/uploads\/2025\/10\/image1-5-scaled.jpeg');\" ><\/div><\/div><div class=\"swiper-button-prev\"><\/div><div class=\"swiper-button-next\"><\/div><div class=\"swiper-scrollbar\"><\/div><div class=\"swiper-pagination\"><\/div><\/div><\/div><script>var rbs_gallery_69e18ef6c133b = {\"version\":\"5.1.4\",\"id\":989696,\"class\":\"id989696\",\"roboGalleryDelay\":1000,\"mainContainer\":\"#robo_gallery_main_block_rbs_gallery_69e18ef6c133b\",\"loadingContainer\":\"#rbs_gallery_69e18ef6c133b-block-loader\",\"loadingContainerObj\":\"rbs_gallery_69e18ef6c133b-block-loader\",\"loop\":true,\"centeredSlides\":true,\"autoplay\":{\"delay\":1500,\"disableOnInteraction\":false},\"preloadImages\":true,\"updateOnImagesReady\":true,\"effect\":\"slide\",\"direction\":\"horizontal\",\"navigation\":{\"nextEl\":\".swiper-button-next\",\"prevEl\":\".swiper-button-prev\"},\"scrollbar\":{\"el\":\".swiper-scrollbar\",\"draggable\":true},\"pagination\":{\"el\":\".swiper-pagination\",\"type\":\"bullets\",\"clickable\":true,\"dynamicBullets\":true},\"wrapContainer\":\"#robo-gallery-wrap-rbs_gallery_69e18ef6c133b\"};<\/script>\n\t\t\t<a href=\"https:\/\/www.instagram.com\/le_chat_noir_piercing\" target=\"_blank\" rel=\"noopener\">\n\t\t\t\t\t\tInstagram\n\t\t\t\t\t<\/a>\n<h4>\n\tAu shop, on veille \u00e0 vous accueillir dans une cabine respectant la r\u00e9glementation et les normes en vigueur. Lorsque vous venez vous faire percer, Evan prend le temps de choisir avec vous votre bijoux, de vous expliquer la proc\u00e9dure et de veiller \u00e0 la compr\u00e9hension des soins.\n\t<\/h4>\n<h4>\n\tEn te faisant percer chez le chat noir tatouage tu vas pouvoir avoir le choix entre un bijoux de pose simple &amp; un bijoux esth\u00e9tique. Tu devras attendre la cicatrisation compl\u00e8te de ton piercing avant de pouvoir changer ton bijoux de pose simple. L&rsquo;avantage du bijoux esth\u00e9tique est qu&rsquo;\u00e9tant en mati\u00e8re noble, tu vas pouvoir repartir directement avec un bijoux plus travaill\u00e9.\n\t<\/h4>\n\t\t\t\t\n\t\t\t<h4>Bijoux en titane ASTM-F136, l&rsquo;une des seules mati\u00e8res implantables antiallerg\u00e8ne.<\/h4><h4>Bijoux en or 14k&amp; 18k<\/h4><h4>Bijoux @swarovski<\/h4><h4>Tous nos bijoux ont un pas de vis interne, permettant de cicatriser de fa\u00e7on optimale &amp; de minimiser l&rsquo;irritation et la douleur. Pour vos bijoux esth\u00e9tiques choisis en vitrine, nous disposons d&rsquo;une machine de st\u00e9rilisation \u00e0 la pointe de la technologie.<\/h4>\t\t\n<h4>\n\tAu shop, tu verras les bijoux esth\u00e9tiques sont expos\u00e9s dans une vitrine, tu pourras faire ton choix facilement.\n\t<\/h4>\n<h2>\n\tFoire aux questions\n\t<\/h2>\n\t\t\tLes mineurs ont-ils le droit de se faire percer ?\n\t\t<p>Les mineurs non accompagn\u00e9s ne peuvent se faire percer. Aux yeux de la loi, les mineurs ne sont pas responsables de leurs actes et sont toujours sous la responsabilit\u00e9 de leurs parents.<br \/>Je ne peut donc pas r\u00e9aliser de per\u00e7age sur un mineur. Il leur faut imp\u00e9rativement la pr\u00e9sence des parents.<\/p>\n\t\t\tQuels sont les piercings qui font le plus mal ?\n\t\t<p>La douleur est propre a chacun il est donc difficile de d\u00e9finir le seuil de chacun. Les piercings traversant juste de la peau comme le nombril ou les lobes feront moins mal que ceux au cartilage .<\/p>\n\t\t\tQuels sont les piercings qui cicatrisent le moins vite ?\n\t\t<p>Les piercings sur l&rsquo;ensemble du corps cicatrisent g\u00e9n\u00e9ralement sur une p\u00e9riode allant de 3 \u00e0 12 mois.<br \/>Cependant, les piercings de surface, puisqu&rsquo;ils traversent une \u00e9tendue de chair plus importante, cicatrisent relativement lentement. Ce temps de cicatrisation peut aller de 3 \u00e0 12 mois selon les individus. Certains piercings de surface ne cicatrisent jamais et seront finalement rejet\u00e9s par le corps.<\/p>\n\t\t\tA quel moment puis-je changer de bijou ?\n\t\t<p>Il n&rsquo;est absolument pas conseill\u00e9 de retirer le bijou durant la p\u00e9riode de cicatrisation. Si cela devait se produire, vous ne seriez pas en mesure de pouvoir le remettre. Pour changer de bijou, il faut donc attendre la fin de la cicatrisation compl\u00e8te du piercing.c&rsquo;est pour cela qu&rsquo;au shop je peux vous poser un jolie bijou plut\u00f4t qu&rsquo;une proth\u00e8se simple au moment du per\u00e7age , gr\u00e2ce a la st\u00e9rilisatrice que nous d\u00e9tenons .<\/p>\n\t\t\tJe n&rsquo;arrive plus \u00e0 remettre mon bijou, que faire ?\n\t\t<p>Si cela vous arrive, il ne faut surtout pas forcer au risque de vous blesser et d&rsquo;endommager le canal de peau qui s&rsquo;est form\u00e9 \u00e0 l&rsquo;int\u00e9rieur de votre per\u00e7age.Venez au shop nous avons ce qu&rsquo;il faut pour remettre un bijou sans que cela ne vous fassent mal ou qu&rsquo;il y ait des complications.<\/p>\n\t\t\tPourquoi ne pas accepter le per\u00e7age au pistolet ?\n\t\t<p>Le pistolet est impossible \u00e0 st\u00e9riliser, il peut donc vous transmettre des maladies comme une h\u00e9patite ou le VIH ou encore un staphylocoque .<br \/>De plus cela vous perce avec la boucle d&rsquo;oreille et non une aiguille, celui-ci effectue donc une d\u00e9chirure et non un per\u00e7age .<\/p>\n\t\t\tPeut-on percer toutes les parties du corps ?\n\t\t<p>Oui mais sans garantie qu&rsquo;ils ne s&rsquo;infecteront pas ou qu&rsquo;ils ne seront pas rejet\u00e9s par le corps !<br \/>Les piercings les plus communs (arcade, nez, oreille, nombril, langue, etc.) sont maitris\u00e9s par les perceurs et ne pr\u00e9sentent quasi aucun risque. Quoi qu&rsquo;il en soit, vous pouvez demander \u00e0 votre perceur de vous faire percer dans un endroit insolite mais en tant que professionnel, il devra vous avertir des cons\u00e9quences, potentiels risques et pourra m\u00eame refuser de le faire. cependant selon votre morphologie certains piercing ne seront pas possible d&rsquo;une personne a une autre.<\/p>\n\t\t\tPuis-je dormir sur mon piercing ?\n\t\t<p>Pas pendant la p\u00e9riode de cicatrisation. Si votre piercing est compress\u00e9 par le poids du corps lorsque vous dormez, cela pourrait entra\u00eener un retard de la cicatrisation et des possibles causes d&rsquo;infections.<br \/>Une fois la cicatrisation termin\u00e9e, cela ne pose pas de probl\u00e8me particulier.<\/p>\n\t\t\tComment \u00e7a se passe ? Ca prend combien de temps ?\n\t\t<p>On utilise une aiguille creuse ou une canule intraveineuse pour percer et ins\u00e9rer le bijou. L&rsquo;acte ne prend que quelques instants et n&rsquo;est pas plus traumatisant pour l&rsquo;organisme qu&rsquo;une prise de sang.<\/p>\n\t\t\tPeut-on allaiter avec un t\u00e9ton perc\u00e9 ?\n\t\t<p>Se faire percer un t\u00e9ton n&#8217;emp\u00eache pas la lactation. Pour l&rsquo;allaitement, il est \u00e9vident qu&rsquo;il faudra enlever le bijou. La question est : dois-je l&rsquo;enlever et le remettre \u00e0 chaque t\u00e9t\u00e9e ? Si cela vous fait mal, ne forcez pas car vous risqueriez de vous infecter et de devoir arr\u00eater d&rsquo;allaiter. De toute fa\u00e7on, il n&rsquo;est pas conseill\u00e9 d&rsquo;enlever et de remettre le bijou trop fr\u00e9quemment. Si le trou est bien cicatris\u00e9, il se resserrera mais ne se rebouchera probablement pas. Il devrait donc \u00eatre possible de remettre le bijou par la suite.<\/p>\n\t\t\tPuis-je passez quand je veut ou faut-il un rdv ?\n\t\t<p>Vous pouvez passez avec ou sans rdv. cependant les personnes aillant prit rdv seront prioritaires .<\/p>\n\t\t\tEn quel mati\u00e8res sont les bijoux ?\n\t\t<p>Nous utilisons seulement du titane astmf136 ou de l&rsquo;or 14k ou 18k . les bijoux sont tous en filetage interne ce qui \u00e9vite tout irritation au moment du passage du bijou.<\/p>\n\n<\/div><!-- .vgblk-rw-wrapper -->","protected":false},"excerpt":{"rendered":"<p>Evan Dipl\u00f4m\u00e9 de ma formation hygi\u00e8ne et salubrit\u00e9, le bien \u00eatre de mes clients est ma priorit\u00e9. J&rsquo;accompagne mes clients dans le processus, les rassures et veille \u00e0 la compr\u00e9hension des soins pour une cicatrisation optimale. Le suivi de mes client est primordiale , c&rsquo;est pour cela que Je vous suis jusqu&rsquo;\u00e0 la cicatrisation compl\u00e8te&#8230;.<\/p>\n","protected":false},"author":1,"featured_media":0,"parent":0,"menu_order":0,"comment_status":"closed","ping_status":"closed","template":"","meta":{"inline_featured_image":false,"footnotes":""},"class_list":["post-14780","page","type-page","status-publish","hentry"],"yoast_head":"<!-- This site is optimized with the Yoast SEO plugin v27.4 - https:\/\/yoast.com\/product\/yoast-seo-wordpress\/ -->\n<title>Piercing - Le chat noir tatouages by Emmy | Instagram, Facebook | Mouans-Sartoux 06370 | Alpes-Maritimes 06<\/title>\n<meta name=\"robots\" content=\"index, follow, max-snippet:-1, max-image-preview:large, max-video-preview:-1\" \/>\n<link rel=\"canonical\" href=\"https:\/\/lechatnoirtattoo.com\/index.php\/piercing\/\" \/>\n<meta property=\"og:locale\" content=\"fr_FR\" \/>\n<meta property=\"og:type\" content=\"article\" \/>\n<meta property=\"og:title\" content=\"Piercing - Le chat noir tatouages by Emmy | Instagram, Facebook | Mouans-Sartoux 06370 | Alpes-Maritimes 06\" \/>\n<meta property=\"og:description\" content=\"Evan Dipl\u00f4m\u00e9 de ma formation hygi\u00e8ne et salubrit\u00e9, le bien \u00eatre de mes clients est ma priorit\u00e9. J&rsquo;accompagne mes clients dans le processus, les rassures et veille \u00e0 la compr\u00e9hension des soins pour une cicatrisation optimale. Le suivi de mes client est primordiale , c&rsquo;est pour cela que Je vous suis jusqu&rsquo;\u00e0 la cicatrisation compl\u00e8te....\" \/>\n<meta property=\"og:url\" content=\"https:\/\/lechatnoirtattoo.com\/index.php\/piercing\/\" \/>\n<meta property=\"og:site_name\" content=\"Le chat noir tatouages by Emmy | Instagram, Facebook | Mouans-Sartoux 06370 | Alpes-Maritimes 06\" \/>\n<meta property=\"article:publisher\" content=\"https:\/\/www.facebook.com\/lechatnoirtatouagesbyemmy\" \/>\n<meta property=\"article:modified_time\" content=\"2025-10-30T12:39:02+00:00\" \/>\n<meta property=\"og:image\" content=\"https:\/\/lechatnoirtattoo.com\/wp-content\/uploads\/2025\/10\/11-768x616-1.png\" \/>\n<meta name=\"twitter:card\" content=\"summary_large_image\" \/>\n<meta name=\"twitter:label1\" content=\"Dur\u00e9e de lecture estim\u00e9e\" \/>\n\t<meta name=\"twitter:data1\" content=\"5 minutes\" \/>\n<script type=\"application\/ld+json\" class=\"yoast-schema-graph\">{\"@context\":\"https:\\\/\\\/schema.org\",\"@graph\":[{\"@type\":\"WebPage\",\"@id\":\"https:\\\/\\\/lechatnoirtattoo.com\\\/index.php\\\/piercing\\\/\",\"url\":\"https:\\\/\\\/lechatnoirtattoo.com\\\/index.php\\\/piercing\\\/\",\"name\":\"Piercing - Le chat noir tatouages by Emmy | Instagram, Facebook | Mouans-Sartoux 06370 | Alpes-Maritimes 06\",\"isPartOf\":{\"@id\":\"https:\\\/\\\/lechatnoirtattoo.com\\\/#website\"},\"primaryImageOfPage\":{\"@id\":\"https:\\\/\\\/lechatnoirtattoo.com\\\/index.php\\\/piercing\\\/#primaryimage\"},\"image\":{\"@id\":\"https:\\\/\\\/lechatnoirtattoo.com\\\/index.php\\\/piercing\\\/#primaryimage\"},\"thumbnailUrl\":\"https:\\\/\\\/lechatnoirtattoo.com\\\/wp-content\\\/uploads\\\/2025\\\/10\\\/11-768x616-1.png\",\"datePublished\":\"2017-12-30T23:03:09+00:00\",\"dateModified\":\"2025-10-30T12:39:02+00:00\",\"breadcrumb\":{\"@id\":\"https:\\\/\\\/lechatnoirtattoo.com\\\/index.php\\\/piercing\\\/#breadcrumb\"},\"inLanguage\":\"fr-FR\",\"potentialAction\":[{\"@type\":\"ReadAction\",\"target\":[\"https:\\\/\\\/lechatnoirtattoo.com\\\/index.php\\\/piercing\\\/\"]}]},{\"@type\":\"ImageObject\",\"inLanguage\":\"fr-FR\",\"@id\":\"https:\\\/\\\/lechatnoirtattoo.com\\\/index.php\\\/piercing\\\/#primaryimage\",\"url\":\"https:\\\/\\\/lechatnoirtattoo.com\\\/wp-content\\\/uploads\\\/2025\\\/10\\\/11-768x616-1.png\",\"contentUrl\":\"https:\\\/\\\/lechatnoirtattoo.com\\\/wp-content\\\/uploads\\\/2025\\\/10\\\/11-768x616-1.png\",\"width\":768,\"height\":616},{\"@type\":\"BreadcrumbList\",\"@id\":\"https:\\\/\\\/lechatnoirtattoo.com\\\/index.php\\\/piercing\\\/#breadcrumb\",\"itemListElement\":[{\"@type\":\"ListItem\",\"position\":1,\"name\":\"Accueil\",\"item\":\"https:\\\/\\\/lechatnoirtattoo.com\\\/\"},{\"@type\":\"ListItem\",\"position\":2,\"name\":\"Piercing\"}]},{\"@type\":\"WebSite\",\"@id\":\"https:\\\/\\\/lechatnoirtattoo.com\\\/#website\",\"url\":\"https:\\\/\\\/lechatnoirtattoo.com\\\/\",\"name\":\"Le chat noir tatouages by Emmy | Instagram, Facebook | Mouans-Sartoux 06370 | Alpes-Maritimes 06\",\"description\":\"\",\"publisher\":{\"@id\":\"https:\\\/\\\/lechatnoirtattoo.com\\\/#organization\"},\"potentialAction\":[{\"@type\":\"SearchAction\",\"target\":{\"@type\":\"EntryPoint\",\"urlTemplate\":\"https:\\\/\\\/lechatnoirtattoo.com\\\/?s={search_term_string}\"},\"query-input\":{\"@type\":\"PropertyValueSpecification\",\"valueRequired\":true,\"valueName\":\"search_term_string\"}}],\"inLanguage\":\"fr-FR\"},{\"@type\":\"Organization\",\"@id\":\"https:\\\/\\\/lechatnoirtattoo.com\\\/#organization\",\"name\":\"Le chat noir tatouages by Emmy | Instagram, Facebook | Mouans-Sartoux 06370 | Alpes-Maritimes 06\",\"url\":\"https:\\\/\\\/lechatnoirtattoo.com\\\/\",\"logo\":{\"@type\":\"ImageObject\",\"inLanguage\":\"fr-FR\",\"@id\":\"https:\\\/\\\/lechatnoirtattoo.com\\\/#\\\/schema\\\/logo\\\/image\\\/\",\"url\":\"https:\\\/\\\/lechatnoirtattoo.com\\\/wp-content\\\/uploads\\\/2023\\\/02\\\/logo-black.png\",\"contentUrl\":\"https:\\\/\\\/lechatnoirtattoo.com\\\/wp-content\\\/uploads\\\/2023\\\/02\\\/logo-black.png\",\"width\":375,\"height\":183,\"caption\":\"Le chat noir tatouages by Emmy | Instagram, Facebook | Mouans-Sartoux 06370 | Alpes-Maritimes 06\"},\"image\":{\"@id\":\"https:\\\/\\\/lechatnoirtattoo.com\\\/#\\\/schema\\\/logo\\\/image\\\/\"},\"sameAs\":[\"https:\\\/\\\/www.facebook.com\\\/lechatnoirtatouagesbyemmy\",\"https:\\\/\\\/www.instagram.com\\\/le_chat_noir_by_emmy\",\"https:\\\/\\\/www.tiktok.com\\\/@lechatnoirtatouagebyemmy\"]}]}<\/script>\n<!-- \/ Yoast SEO plugin. -->","yoast_head_json":{"title":"Piercing - Le chat noir tatouages by Emmy | Instagram, Facebook | Mouans-Sartoux 06370 | Alpes-Maritimes 06","robots":{"index":"index","follow":"follow","max-snippet":"max-snippet:-1","max-image-preview":"max-image-preview:large","max-video-preview":"max-video-preview:-1"},"canonical":"https:\/\/lechatnoirtattoo.com\/index.php\/piercing\/","og_locale":"fr_FR","og_type":"article","og_title":"Piercing - Le chat noir tatouages by Emmy | Instagram, Facebook | Mouans-Sartoux 06370 | Alpes-Maritimes 06","og_description":"Evan Dipl\u00f4m\u00e9 de ma formation hygi\u00e8ne et salubrit\u00e9, le bien \u00eatre de mes clients est ma priorit\u00e9. J&rsquo;accompagne mes clients dans le processus, les rassures et veille \u00e0 la compr\u00e9hension des soins pour une cicatrisation optimale. Le suivi de mes client est primordiale , c&rsquo;est pour cela que Je vous suis jusqu&rsquo;\u00e0 la cicatrisation compl\u00e8te....","og_url":"https:\/\/lechatnoirtattoo.com\/index.php\/piercing\/","og_site_name":"Le chat noir tatouages by Emmy | Instagram, Facebook | Mouans-Sartoux 06370 | Alpes-Maritimes 06","article_publisher":"https:\/\/www.facebook.com\/lechatnoirtatouagesbyemmy","article_modified_time":"2025-10-30T12:39:02+00:00","og_image":[{"url":"https:\/\/lechatnoirtattoo.com\/wp-content\/uploads\/2025\/10\/11-768x616-1.png","type":"","width":"","height":""}],"twitter_card":"summary_large_image","twitter_misc":{"Dur\u00e9e de lecture estim\u00e9e":"5 minutes"},"schema":{"@context":"https:\/\/schema.org","@graph":[{"@type":"WebPage","@id":"https:\/\/lechatnoirtattoo.com\/index.php\/piercing\/","url":"https:\/\/lechatnoirtattoo.com\/index.php\/piercing\/","name":"Piercing - Le chat noir tatouages by Emmy | Instagram, Facebook | Mouans-Sartoux 06370 | Alpes-Maritimes 06","isPartOf":{"@id":"https:\/\/lechatnoirtattoo.com\/#website"},"primaryImageOfPage":{"@id":"https:\/\/lechatnoirtattoo.com\/index.php\/piercing\/#primaryimage"},"image":{"@id":"https:\/\/lechatnoirtattoo.com\/index.php\/piercing\/#primaryimage"},"thumbnailUrl":"https:\/\/lechatnoirtattoo.com\/wp-content\/uploads\/2025\/10\/11-768x616-1.png","datePublished":"2017-12-30T23:03:09+00:00","dateModified":"2025-10-30T12:39:02+00:00","breadcrumb":{"@id":"https:\/\/lechatnoirtattoo.com\/index.php\/piercing\/#breadcrumb"},"inLanguage":"fr-FR","potentialAction":[{"@type":"ReadAction","target":["https:\/\/lechatnoirtattoo.com\/index.php\/piercing\/"]}]},{"@type":"ImageObject","inLanguage":"fr-FR","@id":"https:\/\/lechatnoirtattoo.com\/index.php\/piercing\/#primaryimage","url":"https:\/\/lechatnoirtattoo.com\/wp-content\/uploads\/2025\/10\/11-768x616-1.png","contentUrl":"https:\/\/lechatnoirtattoo.com\/wp-content\/uploads\/2025\/10\/11-768x616-1.png","width":768,"height":616},{"@type":"BreadcrumbList","@id":"https:\/\/lechatnoirtattoo.com\/index.php\/piercing\/#breadcrumb","itemListElement":[{"@type":"ListItem","position":1,"name":"Accueil","item":"https:\/\/lechatnoirtattoo.com\/"},{"@type":"ListItem","position":2,"name":"Piercing"}]},{"@type":"WebSite","@id":"https:\/\/lechatnoirtattoo.com\/#website","url":"https:\/\/lechatnoirtattoo.com\/","name":"Le chat noir tatouages by Emmy | Instagram, Facebook | Mouans-Sartoux 06370 | Alpes-Maritimes 06","description":"","publisher":{"@id":"https:\/\/lechatnoirtattoo.com\/#organization"},"potentialAction":[{"@type":"SearchAction","target":{"@type":"EntryPoint","urlTemplate":"https:\/\/lechatnoirtattoo.com\/?s={search_term_string}"},"query-input":{"@type":"PropertyValueSpecification","valueRequired":true,"valueName":"search_term_string"}}],"inLanguage":"fr-FR"},{"@type":"Organization","@id":"https:\/\/lechatnoirtattoo.com\/#organization","name":"Le chat noir tatouages by Emmy | Instagram, Facebook | Mouans-Sartoux 06370 | Alpes-Maritimes 06","url":"https:\/\/lechatnoirtattoo.com\/","logo":{"@type":"ImageObject","inLanguage":"fr-FR","@id":"https:\/\/lechatnoirtattoo.com\/#\/schema\/logo\/image\/","url":"https:\/\/lechatnoirtattoo.com\/wp-content\/uploads\/2023\/02\/logo-black.png","contentUrl":"https:\/\/lechatnoirtattoo.com\/wp-content\/uploads\/2023\/02\/logo-black.png","width":375,"height":183,"caption":"Le chat noir tatouages by Emmy | Instagram, Facebook | Mouans-Sartoux 06370 | Alpes-Maritimes 06"},"image":{"@id":"https:\/\/lechatnoirtattoo.com\/#\/schema\/logo\/image\/"},"sameAs":["https:\/\/www.facebook.com\/lechatnoirtatouagesbyemmy","https:\/\/www.instagram.com\/le_chat_noir_by_emmy","https:\/\/www.tiktok.com\/@lechatnoirtatouagebyemmy"]}]}},"_links":{"self":[{"href":"https:\/\/lechatnoirtattoo.com\/index.php\/wp-json\/wp\/v2\/pages\/14780","targetHints":{"allow":["GET"]}}],"collection":[{"href":"https:\/\/lechatnoirtattoo.com\/index.php\/wp-json\/wp\/v2\/pages"}],"about":[{"href":"https:\/\/lechatnoirtattoo.com\/index.php\/wp-json\/wp\/v2\/types\/page"}],"author":[{"embeddable":true,"href":"https:\/\/lechatnoirtattoo.com\/index.php\/wp-json\/wp\/v2\/users\/1"}],"replies":[{"embeddable":true,"href":"https:\/\/lechatnoirtattoo.com\/index.php\/wp-json\/wp\/v2\/comments?post=14780"}],"version-history":[{"count":0,"href":"https:\/\/lechatnoirtattoo.com\/index.php\/wp-json\/wp\/v2\/pages\/14780\/revisions"}],"wp:attachment":[{"href":"https:\/\/lechatnoirtattoo.com\/index.php\/wp-json\/wp\/v2\/media?parent=14780"}],"curies":[{"name":"wp","href":"https:\/\/api.w.org\/{rel}","templated":true}]}}